{"id":1003,"date":"2020-07-17T02:08:20","date_gmt":"2020-07-17T00:08:20","guid":{"rendered":"https:\/\/sofia-kalyves.gr\/%cf%8c%cf%81%ce%bf%ce%b9-%ce%ba%ce%b1%ce%b9-%cf%80%cf%81%ce%bf%cf%8b%cf%80%ce%bf%ce%b8%ce%ad%cf%83%ce%b5%ce%b9%cf%82\/"},"modified":"2020-07-22T16:58:39","modified_gmt":"2020-07-22T14:58:39","slug":"geschaeftsbedingungen","status":"publish","type":"page","link":"https:\/\/sofia-kalyves.gr\/de\/geschaeftsbedingungen\/","title":{"rendered":"Gesch\u00e4ftsbedingungen"},"content":{"rendered":"<h2>1) Reservierungen<\/h2>\n<p>Wenn Sie eine Reservierung vornehmen, bedeutet dies, dass Sie die Unterkunftsrichtlinien, die Zahlungsreservierungen und die Stornierung der Unterkunft vollst\u00e4ndig kennen und bedingungslos akzeptieren.<br \/>\nDie Preise sind in Euro pro Zimmer.<br \/>\nAlle ver\u00f6ffentlichten Preise enthalten 13% Mehrwertsteuer und alle gesetzlichen Steuern, mit Ausnahme der Aufenthaltssteuer, die 0,50 Euro pro Nacht betr\u00e4gt und laut Gesetz separat berechnet wird und sich ohne vorherige Ank\u00fcndigung \u00e4ndern kann.<\/p>\n<h2>2) Vorauszahlung &amp; Zahlungen<\/h2>\n<p>F\u00fcr die vollst\u00e4ndige Best\u00e4tigung Ihrer Reservierung m\u00fcssen Sie 30% des Gesamtwerts Ihres Aufenthalts mit dem Mindesteinzahlungsbetrag, den Kosten f\u00fcr eine (1) Nacht, im Voraus bezahlen.<\/p>\n<p>Barzahlungen, Bank\u00fcberweisungen, Visa-Kreditkarten und Mastercard werden akzeptiert.<br \/>\nSie m\u00fcssen die Unterkunft bei der Ankunft informieren, wenn Sie eine Rechnung f\u00fcr Ihren Aufenthalt ausstellen m\u00f6chten.<\/p>\n<p>Die Anzahlung muss innerhalb von zwei (2) Werktagen ab dem Tag des Kontakts des Interessenten mit der Unterkunft erfolgen. Andernfalls wird die Reservierung ohne weitere Ank\u00fcndigung storniert und das Zimmer ger\u00e4umt.<\/p>\n<p>Die Unterkunft beh\u00e4lt sich das Recht vor, die Kreditkarte nach Eingang einer eingehenden Reservierung vorab zu autorisieren, und beh\u00e4lt sich das Recht vor, eine Reservierung zu stornieren, wenn die Kreditkarteninformationen ung\u00fcltig sind.<\/p>\n<p>Eine Kopie des Einzahlungsbelegs (Verwahrstelle) muss sofort und immer sp\u00e4testens 3 Tage vor Ihrer Ankunft per E-Mail an die Unterkunft gesendet werden<\/p>\n<p>Bei nicht erstattbaren Reservierungen wird der gesamte Reservierungsbetrag gleichzeitig mit der Reservierungsbest\u00e4tigung berechnet, \u00c4nderungen und Stornierungen sind jedoch nicht zul\u00e4ssig.<\/p>\n<h2>3) Reservierungs\u00e4nderungen &amp; Stornierungen<\/h2>\n<p>Die Verwaltung der Unterkunft bittet die Kunden, \u00c4nderungen oder Stornierungen bez\u00fcglich ihrer Reservierung so bald wie m\u00f6glich schriftlich mitzuteilen.<\/p>\n<p><strong>Im Falle einer Stornierung gelten folgende Richtlinien:<\/strong><\/p>\n<p>Im Falle einer Stornierung der Reservierung mehr als 21 Tage vor der geplanten Ankunft fallen keine finanziellen Kosten an und dies impliziert die R\u00fcckerstattung der Anzahlung durch die Unterkunft.<\/p>\n<ul>\n<li>Bei Stornierung von Reservierungen weniger als 21 Tage vor der geplanten Ankunft werden dem Kunden 30% des gesamten Aufenthalts basierend auf seiner Reservierung und mindestens die Kosten f\u00fcr eine (1) Nacht berechnet.<\/li>\n<li>Im Falle einer Stornierung bei der Ankunft, w\u00e4hrend des Aufenthalts oder bei Nichterscheinen in der Unterkunft (Nichterscheinen) wird dem Kunden 100% des Aufenthalts basierend auf seiner Reservierung berechnet.<\/li>\n<\/ul>\n<p>In Ausnahmef\u00e4llen beh\u00e4lt sich die Unterkunft das Recht vor, die Reservierung bei Bedarf ohne vorherige Ank\u00fcndigung zu stornieren.In diesem Fall ist die Unterkunft verpflichtet, den Gesamtbetrag zur\u00fcckzugeben, den Sie f\u00fcr Ihre Reservierung bezahlt haben, w\u00e4hrend sie alle Anstrengungen unternimmt, um sicherzustellen, dass Sie in einer anderen Unterkunft derselben Kategorie in derselben Stadt \u00fcbernachten, die \u00e4hnliche Annehmlichkeiten und Einrichtungen bietet.<\/p>\n<p>Bei nicht erstattbaren Reservierungen wird der gesamte Reservierungsbetrag gleichzeitig mit der Reservierungsbest\u00e4tigung berechnet, \u00c4nderungen und Stornierungen sind jedoch nicht zul\u00e4ssig.<\/p>\n<p>Die Belastung erfolgt zum Zeitpunkt der Buchung per Bank\u00fcberweisung oder Kreditkarte. Im Falle einer Stornierung wird die Anzahlung nicht zur\u00fcckerstattet.<\/p>\n<p>Die Unterkunft beh\u00e4lt sich das Recht vor, bei Nichterscheinen ohne vorherige Ank\u00fcndigung 100% der Reservierung zu berechnen.<\/p>\n<h2>4) Ankunft Abflug<\/h2>\n<p>Bei der Ankunft in der Unterkunft m\u00fcssen Sie den Reservierungscode, den Personalausweis oder den Reisepass sowie die Karte haben, die f\u00fcr die Reservierung belastet oder vorab genehmigt wurde.<\/p>\n<p>Sofern in Ihrer Reservierung nicht anders angegeben, ist die Ankunftszeit auf 14:00 Uhr und die Abfahrtszeit auf 12:00 Uhr festgelegt<br \/>\nWir m\u00f6chten Sie dar\u00fcber informieren, dass die Unterkunft keine Rezeption hat. Der Check-in erfolgt, nachdem der Besucher im Voraus telefonisch (+302825031276 und +306944971011) oder per E-Mail (info@sofia-kalyves.gr) mit der Unterkunft \u00fcber die voraussichtliche Ankunftszeit informiert hat.<\/p>\n<p>Die M\u00f6glichkeit, Ihre Abfahrtszeit nach 12:00 Uhr zu verl\u00e4ngern, h\u00e4ngt von der F\u00fclle der Unterkunft ab und unterliegt einer zus\u00e4tzlichen finanziellen Belastung wie folgt:<\/p>\n<p>Das Auschecken bis 20:00 Uhr unterliegt 50% der t\u00e4glichen Geb\u00fchr<br \/>\nDas Auschecken nach 20:00 Uhr unterliegt 100% der t\u00e4glichen Geb\u00fchr<br \/>\nIn jedem Fall m\u00fcssen Sie Ihre Anfrage sp\u00e4testens bei Ihrer Ankunft an der Rezeption der Unterkunft melden.<br \/>\nZimmer, die best\u00e4tigten Buchungen entsprechen, f\u00fcr die eine Anzahlung geleistet oder ein Rabatt oder eine Kreditkarte genehmigt wurde, werden am Anreisetag bis 20:00 Uhr gebucht. Bei Nichteinzahlung oder Vorabgenehmigung gilt die Reservierung als unbest\u00e4tigt.<\/p>\n<h2>5) Kinderpolitik<\/h2>\n<p>Kleinkinder und Kinder unter 4 Jahren \u00fcbernachten kostenlos, sofern sie in den Betten ihrer Eltern \u00fcbernachten. Das Babybett wird je nach Verf\u00fcgbarkeit kostenlos zur Verf\u00fcgung gestellt.<\/p>\n<p>Alle Kinder, die in der Unterkunft \u00fcbernachten, m\u00fcssen von einem Erwachsenen begleitet und beaufsichtigt werden.<\/p>\n<h2>6)Rauchverbot<\/h2>\n<p>Das Rauchen ist in allen Zimmern verboten.<\/p>\n<h2>7) Haustiere<\/h2>\n<p>Unsere Unterkunft akzeptiert Haustiere nur nach Vereinbarung. Es k\u00f6nnen zus\u00e4tzliche Geb\u00fchren anfallen. Wenn Sie mit Haustieren reisen, teilen Sie uns dies bitte rechtzeitig mit. Wenn wir glauben, dass Ihr Haustier andere G\u00e4ste st\u00f6rt, werden wir Sie bitten, zu gehen.<\/p>\n<h2>8)Kundenverhalten<\/h2>\n<p>Die G\u00e4ste werden gebeten, keine Unannehmlichkeiten zu verursachen, sich h\u00f6flich zu verhalten und die anderen Bewohner und das Personal der Unterkunft zu respektieren.<br \/>\nAu\u00dferdem m\u00fcssen alle Bewohner die Unterkunftsbestimmungen einhalten, w\u00e4hrend sich die Unterkunft das Recht vorbeh\u00e4lt, den Zugang zu verweigern oder Personen, deren Verhalten sie als kritisch erachtet, mit einer Reservierung auszuschlie\u00dfen. In diesem Fall ist die Unterkunft nicht zur Zahlung einer Entsch\u00e4digung verpflichtet.<\/p>\n<h2>9) Schaden Raumschaden<\/h2>\n<p>Im Falle einer Besch\u00e4digung eines Zimmers oder eines anderen Eigentums aufgrund von T\u00e4uschung, Willen oder Fahrl\u00e4ssigkeit beh\u00e4lt sich das Eigentum das Recht vor, die H\u00f6he des erlittenen Schadens, einschlie\u00dflich des Schadens aufgrund der Einstellung der Aktivit\u00e4ten, der Kredit- \/ Debitkarte des registrierten Kunden in Rechnung zu stellen. In F\u00e4llen, in denen der Kunde nicht mit Kreditkarte oder auf andere Weise bezahlt hat, erfordert die Unterkunft die sofortige Zahlung des Schadens, den der Kunde erleidet. Andernfalls bleiben alle gesetzlichen Rechte vorbehalten.<\/p>\n<h2>10) Privatsph\u00e4re<\/h2>\n<p>Alle personenbezogenen Daten werden von der Unterkunft gem\u00e4\u00df den Datenschutzbestimmungen gespeichert und verwendet.<\/p>\n<p>Das Unternehmen mit dem Namen Sofia Kalyves in Kalyves Apokoronou, Chania-Kreta, PC 73003 Griechenland als Verantwortlicher f\u00fcr die auf dieser Website enthaltenen Daten informiert die Besucher dar\u00fcber, dass die Verarbeitung personenbezogener Daten (als &#8222;Daten&#8220;) schriftlich erfolgt durch elektronische oder Telekommunikationsmittel, um den erforderlichen Dienst bereitzustellen. Benutzerdaten, die elektronisch an die Website \u00fcbermittelt werden, bleiben vertraulich und werden nicht an Dritte weitergegeben. Benutzer der Website m\u00fcssen keine pers\u00f6nlichen Daten angeben.Wenn Sie sie jedoch nicht bereitstellen, k\u00f6nnen Sie m\u00f6glicherweise verhindern, dass der angeforderte Dienst bereitgestellt wird. Die personenbezogenen Daten der Nutzer der Website werden nicht an Dritte weitergegeben. Sie k\u00f6nnen jedoch an Mitarbeiter weitergegeben werden, die vom Datenverantwortlichen der Site besch\u00e4ftigt sind, und an diejenigen, die die Dienste ausgelagert haben, sowie an Mitarbeiter und Administratoren, denen der Pr\u00fcfer eine aktuelle Liste der Daten der Site zur Verf\u00fcgung gestellt hat. Die Benutzer der Website behalten sich jederzeit das Recht vor, ihre pers\u00f6nlichen Daten zu \u00fcberpr\u00fcfen und ihre Korrektur, Aktualisierung oder L\u00f6schung anzufordern, und k\u00f6nnen die Rechte gem\u00e4\u00df den Bestimmungen des Gesetzes 2472\/1997 mit schriftlicher Aufforderung an die Gesch\u00e4ftsleitung aus\u00fcben Unternehmen Sie die Website Kalives Apokoronou, Chania-Kreta, PC 73003 Griechenland oder unter https:\/\/sofia-kalyves.gr, indem Sie auf &#8222;Kontakt&#8220; klicken. Der Besuch der Website und die Nutzung der Dienste von https:\/\/sofia-kalyves.gr gilt als uneingeschr\u00e4nkte Annahme dieser Allgemeinen Gesch\u00e4ftsbedingungen.<\/p>\n<p>&nbsp;<\/p>\n<h2>11) h\u00f6here Gewalt<\/h2>\n<p>Die Unterkunft tr\u00e4gt keine Verantwortung f\u00fcr den Fall, dass sie ihren Verpflichtungen gegen\u00fcber dem Kunden aufgrund h\u00f6herer Gewalt (z. B. Streiks, Feuer, Terroranschl\u00e4ge, \u00dcberschwemmungen, Unruhen oder Naturkatastrophen) ganz oder teilweise nicht nachkommen kann.<\/p>\n<h2>12) Haftungsbeschr\u00e4nkung<\/h2>\n<p>Jeder Kunde ist w\u00e4hrend des gesamten Aufenthalts f\u00fcr die Aufbewahrung von pers\u00f6nlichen Gegenst\u00e4nden oder Geld verantwortlich. In jedem anderen Fall haftet die Unterkunft nicht f\u00fcr Verlust oder Zerst\u00f6rung. F\u00fcr die anderen Gegenst\u00e4nde, die jeder Kunde zur Unterkunft bringt, wird die Unterkunft von jeglicher Haftung befreit, wenn der Schaden oder Verlust auf Fahrl\u00e4ssigkeit des Kunden oder anderer Personen zur\u00fcckzuf\u00fchren ist, die bei ihm wohnen oder ihn besuchen. Die Unterkunft haftet auch nicht, wenn die Zerst\u00f6rung oder der Verlust des Schadens auf h\u00f6here Gewalt (Erdbeben usw.) zur\u00fcckzuf\u00fchren ist.<\/p>\n<h2>13) Genauigkeit der Informationen<\/h2>\n<p>Der Kunde erkl\u00e4rt sich damit einverstanden, dass die Unterkunft alle zumutbaren Anstrengungen unternommen hat, um die Richtigkeit der Informationen in den Anzeigen und auf ihrer Website sicherzustellen, und erkennt an, dass die gezeigten Bilder aufgrund der Bildverarbeitungstechnik geringf\u00fcgig von der Realit\u00e4t abweichen k\u00f6nnen.<\/p>\n<h2>14) Urheberrechte \u00a9<\/h2>\n<p>Der Inhalt dieser Website unterliegt dem Copyright von Sofia Kalyves und es ist verboten, die Verwendung des Inhalts ohne die ausdr\u00fcckliche Zustimmung von Sofia Kalyves auf irgendeine Weise und f\u00fcr irgendeinen Zweck zu kopieren, zu reproduzieren und erneut zu ver\u00f6ffentlichen.<\/p>\n","protected":false},"excerpt":{"rendered":"<p>1) Reservierungen Wenn Sie eine Reservierung vornehmen, bedeutet dies, dass Sie die Unterkunftsrichtlinien, die Zahlungsreservierungen und die Stornierung der Unterkunft vollst\u00e4ndig kennen und bedingungslos akzeptieren. Die Preise sind in Euro pro Zimmer. Alle ver\u00f6ffentlichten Preise enthalten 13% Mehrwertsteuer und alle gesetzlichen Steuern, mit Ausnahme der Aufenthaltssteuer, die 0,50 Euro pro Nacht betr\u00e4gt und laut Gesetz [&hellip;]<\/p>\n","protected":false},"author":1,"featured_media":0,"parent":0,"menu_order":0,"comment_status":"closed","ping_status":"closed","template":"","meta":[],"yoast_head":"<!-- This site is optimized with the Yoast SEO plugin v20.6 - https:\/\/yoast.com\/wordpress\/plugins\/seo\/ -->\n<title>Gesch\u00e4ftsbedingungen - Sofia Kalyves<\/title>\n<meta name=\"robots\" content=\"index, follow, max-snippet:-1, max-image-preview:large, max-video-preview:-1\" \/>\n<link rel=\"canonical\" href=\"https:\/\/sofia-kalyves.gr\/de\/geschaeftsbedingungen\/\" \/>\n<meta property=\"og:locale\" content=\"de_DE\" \/>\n<meta property=\"og:type\" content=\"article\" \/>\n<meta property=\"og:title\" content=\"Gesch\u00e4ftsbedingungen - Sofia Kalyves\" \/>\n<meta property=\"og:description\" content=\"1) Reservierungen Wenn Sie eine Reservierung vornehmen, bedeutet dies, dass Sie die Unterkunftsrichtlinien, die Zahlungsreservierungen und die Stornierung der Unterkunft vollst\u00e4ndig kennen und bedingungslos akzeptieren. Die Preise sind in Euro pro Zimmer. Alle ver\u00f6ffentlichten Preise enthalten 13% Mehrwertsteuer und alle gesetzlichen Steuern, mit Ausnahme der Aufenthaltssteuer, die 0,50 Euro pro Nacht betr\u00e4gt und laut Gesetz [&hellip;]\" \/>\n<meta property=\"og:url\" content=\"https:\/\/sofia-kalyves.gr\/de\/geschaeftsbedingungen\/\" \/>\n<meta property=\"og:site_name\" content=\"Sofia Kalyves\" \/>\n<meta property=\"article:modified_time\" content=\"2020-07-22T14:58:39+00:00\" \/>\n<meta name=\"twitter:card\" content=\"summary_large_image\" \/>\n<meta name=\"twitter:label1\" content=\"Gesch\u00e4tzte Lesezeit\" \/>\n\t<meta name=\"twitter:data1\" content=\"7\u00a0Minuten\" \/>\n<script type=\"application\/ld+json\" class=\"yoast-schema-graph\">{\"@context\":\"https:\/\/schema.org\",\"@graph\":[{\"@type\":\"WebPage\",\"@id\":\"https:\/\/sofia-kalyves.gr\/de\/geschaeftsbedingungen\/\",\"url\":\"https:\/\/sofia-kalyves.gr\/de\/geschaeftsbedingungen\/\",\"name\":\"Gesch\u00e4ftsbedingungen - Sofia Kalyves\",\"isPartOf\":{\"@id\":\"https:\/\/sofia-kalyves.gr\/de\/#website\"},\"datePublished\":\"2020-07-17T00:08:20+00:00\",\"dateModified\":\"2020-07-22T14:58:39+00:00\",\"breadcrumb\":{\"@id\":\"https:\/\/sofia-kalyves.gr\/de\/geschaeftsbedingungen\/#breadcrumb\"},\"inLanguage\":\"de\",\"potentialAction\":[{\"@type\":\"ReadAction\",\"target\":[\"https:\/\/sofia-kalyves.gr\/de\/geschaeftsbedingungen\/\"]}]},{\"@type\":\"BreadcrumbList\",\"@id\":\"https:\/\/sofia-kalyves.gr\/de\/geschaeftsbedingungen\/#breadcrumb\",\"itemListElement\":[{\"@type\":\"ListItem\",\"position\":1,\"name\":\"\u0391\u03c1\u03c7\u03b9\u03ba\u03ae\",\"item\":\"https:\/\/sofia-kalyves.gr\/de\/\"},{\"@type\":\"ListItem\",\"position\":2,\"name\":\"Gesch\u00e4ftsbedingungen\"}]},{\"@type\":\"WebSite\",\"@id\":\"https:\/\/sofia-kalyves.gr\/de\/#website\",\"url\":\"https:\/\/sofia-kalyves.gr\/de\/\",\"name\":\"Sofia Kalyves\",\"description\":\"Sofia accommodation in Kalyves - relaxing holidays in Kalives, Apokoronou, Chania, Crete\",\"potentialAction\":[{\"@type\":\"SearchAction\",\"target\":{\"@type\":\"EntryPoint\",\"urlTemplate\":\"https:\/\/sofia-kalyves.gr\/de\/?s={search_term_string}\"},\"query-input\":\"required name=search_term_string\"}],\"inLanguage\":\"de\"}]}<\/script>\n<!-- \/ Yoast SEO plugin. -->","yoast_head_json":{"title":"Gesch\u00e4ftsbedingungen - Sofia Kalyves","robots":{"index":"index","follow":"follow","max-snippet":"max-snippet:-1","max-image-preview":"max-image-preview:large","max-video-preview":"max-video-preview:-1"},"canonical":"https:\/\/sofia-kalyves.gr\/de\/geschaeftsbedingungen\/","og_locale":"de_DE","og_type":"article","og_title":"Gesch\u00e4ftsbedingungen - Sofia Kalyves","og_description":"1) Reservierungen Wenn Sie eine Reservierung vornehmen, bedeutet dies, dass Sie die Unterkunftsrichtlinien, die Zahlungsreservierungen und die Stornierung der Unterkunft vollst\u00e4ndig kennen und bedingungslos akzeptieren. Die Preise sind in Euro pro Zimmer. Alle ver\u00f6ffentlichten Preise enthalten 13% Mehrwertsteuer und alle gesetzlichen Steuern, mit Ausnahme der Aufenthaltssteuer, die 0,50 Euro pro Nacht betr\u00e4gt und laut Gesetz [&hellip;]","og_url":"https:\/\/sofia-kalyves.gr\/de\/geschaeftsbedingungen\/","og_site_name":"Sofia Kalyves","article_modified_time":"2020-07-22T14:58:39+00:00","twitter_card":"summary_large_image","twitter_misc":{"Gesch\u00e4tzte Lesezeit":"7\u00a0Minuten"},"schema":{"@context":"https:\/\/schema.org","@graph":[{"@type":"WebPage","@id":"https:\/\/sofia-kalyves.gr\/de\/geschaeftsbedingungen\/","url":"https:\/\/sofia-kalyves.gr\/de\/geschaeftsbedingungen\/","name":"Gesch\u00e4ftsbedingungen - Sofia Kalyves","isPartOf":{"@id":"https:\/\/sofia-kalyves.gr\/de\/#website"},"datePublished":"2020-07-17T00:08:20+00:00","dateModified":"2020-07-22T14:58:39+00:00","breadcrumb":{"@id":"https:\/\/sofia-kalyves.gr\/de\/geschaeftsbedingungen\/#breadcrumb"},"inLanguage":"de","potentialAction":[{"@type":"ReadAction","target":["https:\/\/sofia-kalyves.gr\/de\/geschaeftsbedingungen\/"]}]},{"@type":"BreadcrumbList","@id":"https:\/\/sofia-kalyves.gr\/de\/geschaeftsbedingungen\/#breadcrumb","itemListElement":[{"@type":"ListItem","position":1,"name":"\u0391\u03c1\u03c7\u03b9\u03ba\u03ae","item":"https:\/\/sofia-kalyves.gr\/de\/"},{"@type":"ListItem","position":2,"name":"Gesch\u00e4ftsbedingungen"}]},{"@type":"WebSite","@id":"https:\/\/sofia-kalyves.gr\/de\/#website","url":"https:\/\/sofia-kalyves.gr\/de\/","name":"Sofia Kalyves","description":"Sofia accommodation in Kalyves - relaxing holidays in Kalives, Apokoronou, Chania, Crete","potentialAction":[{"@type":"SearchAction","target":{"@type":"EntryPoint","urlTemplate":"https:\/\/sofia-kalyves.gr\/de\/?s={search_term_string}"},"query-input":"required name=search_term_string"}],"inLanguage":"de"}]}},"_links":{"self":[{"href":"https:\/\/sofia-kalyves.gr\/de\/wp-json\/wp\/v2\/pages\/1003"}],"collection":[{"href":"https:\/\/sofia-kalyves.gr\/de\/wp-json\/wp\/v2\/pages"}],"about":[{"href":"https:\/\/sofia-kalyves.gr\/de\/wp-json\/wp\/v2\/types\/page"}],"author":[{"embeddable":true,"href":"https:\/\/sofia-kalyves.gr\/de\/wp-json\/wp\/v2\/users\/1"}],"replies":[{"embeddable":true,"href":"https:\/\/sofia-kalyves.gr\/de\/wp-json\/wp\/v2\/comments?post=1003"}],"version-history":[{"count":2,"href":"https:\/\/sofia-kalyves.gr\/de\/wp-json\/wp\/v2\/pages\/1003\/revisions"}],"predecessor-version":[{"id":1005,"href":"https:\/\/sofia-kalyves.gr\/de\/wp-json\/wp\/v2\/pages\/1003\/revisions\/1005"}],"wp:attachment":[{"href":"https:\/\/sofia-kalyves.gr\/de\/wp-json\/wp\/v2\/media?parent=1003"}],"curies":[{"name":"wp","href":"https:\/\/api.w.org\/{rel}","templated":true}]}}