{"id":722,"date":"2020-06-10T10:58:16","date_gmt":"2020-06-10T10:58:16","guid":{"rendered":"https:\/\/sofia-kalyves.gr\/?page_id=722"},"modified":"2024-10-01T13:43:34","modified_gmt":"2024-10-01T11:43:34","slug":"sample-page","status":"publish","type":"page","link":"https:\/\/sofia-kalyves.gr\/de\/","title":{"rendered":"Sofia accommodation in Kalyves"},"content":{"rendered":"[vc_row fullwidth=&#8220;true&#8220; equal_columns=&#8220;true&#8220; css=&#8220;.vc_custom_1593736399921{padding-right: 0px !important;padding-left: 0px !important;}&#8220;][vc_column css=&#8220;.vc_custom_1593736045187{border-right-width: 0px !important;padding-left: 0px !important;}&#8220;]\n\t\t\t<!-- START Slider 1 REVOLUTION SLIDER 6.5.11 --><p class=\"rs-p-wp-fix\"><\/p>\n\t\t\t<rs-module-wrap id=\"rev_slider_1_1_wrapper\" data-source=\"gallery\" style=\"visibility:hidden;background:transparent;padding:0;margin:0px auto;margin-top:0;margin-bottom:0;\">\n\t\t\t\t<rs-module id=\"rev_slider_1_1\" style=\"\" data-version=\"6.5.11\">\n\t\t\t\t\t<rs-slides>\n\t\t\t\t\t\t<rs-slide style=\"position: absolute;\" data-key=\"rs-5\" data-title=\"Slide\" data-thumb=\"\/\/sofia-kalyves.gr\/wp-content\/uploads\/2020\/06\/sofia-kalyves-double-room-2-slider-50x100.jpg\" data-anim=\"ms:1000;r:0;\" data-in=\"o:0;\" data-out=\"a:false;\">\n\t\t\t\t\t\t\t<img src=\"\/\/sofia-kalyves.gr\/wp-content\/plugins\/revslider\/public\/assets\/assets\/dummy.png\" title=\"sofia-kalyves-double-room-2-slider\" width=\"1440\" height=\"773\" class=\"rev-slidebg tp-rs-img rs-lazyload\" data-lazyload=\"\/\/sofia-kalyves.gr\/wp-content\/uploads\/2020\/06\/sofia-kalyves-double-room-2-slider.jpg\" data-no-retina>\n<!---->\t\t\t\t\t\t<\/rs-slide>\n\t\t\t\t\t\t<rs-slide style=\"position: absolute;\" data-key=\"rs-2\" data-title=\"Slide\" data-thumb=\"\/\/sofia-kalyves.gr\/wp-content\/uploads\/2020\/06\/sofia-kalyves-double-room-slider-50x100.jpg\" data-anim=\"ms:1000;r:0;\" data-in=\"o:0;\" data-out=\"a:false;\">\n\t\t\t\t\t\t\t<img src=\"\/\/sofia-kalyves.gr\/wp-content\/plugins\/revslider\/public\/assets\/assets\/dummy.png\" title=\"Sofia accommodation in Kalyves\" class=\"rev-slidebg tp-rs-img rs-lazyload\" data-lazyload=\"\/\/sofia-kalyves.gr\/wp-content\/uploads\/2020\/06\/sofia-kalyves-double-room-slider.jpg\" data-no-retina>\n<!---->\t\t\t\t\t\t<\/rs-slide>\n\t\t\t\t\t\t<rs-slide style=\"position: absolute;\" data-key=\"rs-1\" data-title=\"Slide\" data-thumb=\"\/\/sofia-kalyves.gr\/wp-content\/uploads\/2020\/07\/sofia-kalyves-1-50x100.jpg\" data-anim=\"ms:1000;r:0;\" data-in=\"o:0;\" data-out=\"a:false;\">\n\t\t\t\t\t\t\t<img src=\"\/\/sofia-kalyves.gr\/wp-content\/plugins\/revslider\/public\/assets\/assets\/dummy.png\" title=\"sofia-kalyves-1\" width=\"1440\" height=\"957\" class=\"rev-slidebg tp-rs-img rs-lazyload\" data-lazyload=\"\/\/sofia-kalyves.gr\/wp-content\/uploads\/2020\/07\/sofia-kalyves-1.jpg\" data-bg=\"p:50% 65%;\" data-no-retina>\n<!---->\t\t\t\t\t\t<\/rs-slide>\n\t\t\t\t\t\t<rs-slide style=\"position: absolute;\" data-key=\"rs-3\" data-title=\"Slide\" data-thumb=\"\/\/sofia-kalyves.gr\/wp-content\/uploads\/2020\/07\/sofia-kalyves-2-50x100.jpg\" data-anim=\"ms:1000;r:0;\" data-in=\"o:0;\" data-out=\"a:false;\">\n\t\t\t\t\t\t\t<img src=\"\/\/sofia-kalyves.gr\/wp-content\/plugins\/revslider\/public\/assets\/assets\/dummy.png\" title=\"sofia-kalyves-2\" width=\"1440\" height=\"957\" class=\"rev-slidebg tp-rs-img rs-lazyload\" data-lazyload=\"\/\/sofia-kalyves.gr\/wp-content\/uploads\/2020\/07\/sofia-kalyves-2.jpg\" data-no-retina>\n<!---->\t\t\t\t\t\t<\/rs-slide>\n\t\t\t\t\t<\/rs-slides>\n\t\t\t\t<\/rs-module>\n\t\t\t\t<script type=\"text\/javascript\">\n\t\t\t\t\tsetREVStartSize({c: 'rev_slider_1_1',rl:[1240,1024,778,480],el:[550,800,760,520],gw:[1240,1024,778,480],gh:[550,800,760,520],type:'standard',justify:'',layout:'fullwidth',mh:\"0\"});if (window.RS_MODULES!==undefined && window.RS_MODULES.modules!==undefined && window.RS_MODULES.modules[\"revslider11\"]!==undefined) {window.RS_MODULES.modules[\"revslider11\"].once = false;window.revapi1 = undefined;if (window.RS_MODULES.checkMinimal!==undefined) window.RS_MODULES.checkMinimal()}\n\t\t\t\t<\/script>\n\t\t\t<\/rs-module-wrap>\n\t\t\t<!-- END REVOLUTION SLIDER -->\n[\/vc_column][\/vc_row][vc_row visibility=&#8220;hidden-sm&#8220;][vc_column][vc_empty_space][\/vc_column][\/vc_row][vc_row visibility=&#8220;visible-sm&#8220;][vc_column][vc_empty_space][\/vc_column][\/vc_row][vc_row fullwidth=&#8220;true&#8220; visibility=&#8220;hidden-sm&#8220;][vc_column width=&#8220;1\/2&#8243; css=&#8220;.vc_custom_1593736024723{padding-right: 0px !important;padding-left: 0px !important;}&#8220;][vc_row_inner animation=&#8220;bottom-to-top&#8220;][vc_column_inner][vc_column_text el_class=&#8220;jus&#8220; css=&#8220;.vc_custom_1595417083908{margin-bottom: 0px !important;background-color: #ffffff !important;}&#8220;]\n<div class=\"whitetext2\">\n<h2 style=\"line-height: 45px; text-align: center;\">Herzlich willkommen<\/h2>\n<p style=\"text-align: justify;\">Die Sofia Zimmer befinden sich in Kalyves, einem K\u00fcstendorf an der Ostk\u00fcste der Souda Bay. Die N\u00e4he der Unterkunft vom Strand und der Panoramablick auf das Meer und die Berge machen es zu einem idealen Ort f\u00fcr einen ruhigen Urlaub am Meer.Es ist ein Familienunternehmen, das sich auf die herzliche kretische Gastfreundschaft, Sauberkeit, den Service und die Zufriedenheit seiner G\u00e4ste konzentriert.<\/p>\n<\/div>\n[\/vc_column_text][\/vc_column_inner][\/vc_row_inner][vc_row_inner animation=&#8220;bottom-to-top&#8220;][vc_column_inner][vc_empty_space height=&#8220;52px&#8220;][vc_single_image image=&#8220;404&#8243; img_size=&#8220;full&#8220; alignment=&#8220;center&#8220; onclick=&#8220;custom_link&#8220; link=&#8220;https:\/\/sofia-kalyves.gr\/?page_id=441&#8243;][vc_column_text align=&#8220;center&#8220; el_class=&#8220;white jus&#8220; css=&#8220;.vc_custom_1596461090408{margin-bottom: 0px !important;}&#8220;]\n<div id=\"mobile\" class=\"whitetext\">\n<h5 style=\"text-align: center;\"><a href=\"https:\/\/sofia-kalyves.gr\/de\/dienstleistungen\/\"><span style=\"text-decoration: underline;\">DIENSTLEISTUNGEN<\/span><\/a><\/h5>\n<h5 style=\"text-align: center;\"><\/h5>\n<h3 style=\"text-align: center; margin-bottom: 10px; light-height: 30px;\">Wir betonen die griechische Gastfreundschaft<\/h3>\n<p style=\"text-align: justify;\">Daher ist es unsere Priorit\u00e4t, solche Dienstleistungen anzubieten, um unsere Besucher bestm\u00f6glich zufrieden zu stellen..<\/p>\n<\/div>\n[\/vc_column_text][\/vc_column_inner][\/vc_row_inner][vc_row_inner animation=&#8220;bottom-to-top&#8220;][vc_column_inner][vc_empty_space height=&#8220;52px&#8220;][vc_single_image image=&#8220;622&#8243; img_size=&#8220;full&#8220; alignment=&#8220;center&#8220; onclick=&#8220;custom_link&#8220; link=&#8220;https:\/\/sofia-kalyves.gr\/?page_id=508&#8243;][vc_column_text align=&#8220;center&#8220; el_class=&#8220;white jus&#8220; css=&#8220;.vc_custom_1596461329177{margin-bottom: 0px !important;}&#8220;]\n<div id=\"mobile\" class=\"whitetext\">\n<h5 style=\"text-align: center;\"><a href=\"https:\/\/sofia-kalyves.gr\/de\/sehenswuerdigkeiten\/\"><span style=\"text-decoration: underline;\">IDEALE LAGE<\/span><\/a><\/h5>\n<h3 style=\"margin-bottom: 10px; line-height: 30px; text-align: center;\"><a href=\"https:\/\/sofia-kalyves.gr\/de\/sehenswuerdigkeiten\/\">SEHENSW\u00dcRDIGKEITEN<\/a><\/h3>\n<p style=\"text-align: justify;\">Mit Kalyves als Basis k\u00f6nnen Sie Ausfl\u00fcge in viele Teile Westkretas unternehmen, da die Umgebung reich an Attraktionen und sch\u00f6nen Str\u00e4nden ist.<\/p>\n<p style=\"text-align: justify;\">Eine Vielzahl von Sehensw\u00fcrdigkeiten, Museen, Kl\u00f6stern und Str\u00e4nden in der Pr\u00e4fektur Chania warten darauf, von Ihnen entdeckt zu werden.<\/p>\n<\/div>\n[\/vc_column_text][\/vc_column_inner][\/vc_row_inner][\/vc_column][vc_column width=&#8220;1\/2&#8243; css=&#8220;.vc_custom_1497304924294{margin-top: -60px !important;padding-top: 30px !important;padding-right: 0px !important;padding-bottom: 60px !important;padding-left: 0px !important;}&#8220;][vc_empty_space height=&#8220;42px&#8220;][vc_row_inner animation=&#8220;bottom-to-top&#8220;][vc_column_inner][vc_single_image image=&#8220;401&#8243; img_size=&#8220;full&#8220; alignment=&#8220;center&#8220; onclick=&#8220;custom_link&#8220; link=&#8220;https:\/\/sofia-kalyves.gr\/?page_id=441&#8243;][vc_column_text align=&#8220;center&#8220; el_class=&#8220;white jus&#8220; css=&#8220;.vc_custom_1596461037329{margin-bottom: 0px !important;}&#8220;]\n<div id=\"mobile\" class=\"whitetext\">\n<h5 style=\"text-align: center;\"><span style=\"text-decoration: underline;\"><a href=\"https:\/\/sofia-kalyves.gr\/de\/zimmer\/\">ZIMMER<\/a><\/span><\/h5>\n<h3 style=\"text-align: center; margin-bottom: 10px; line-height: 30px;\">HAT SIEBEN TASTY DEKORIERTE ZIMMER<\/h3>\n<p style=\"text-align: justify;\">Sofia verf\u00fcgt \u00fcber 7 geschmackvoll eingerichtete Zimmer f\u00fcr 2 bis 4 Personen. Alle Zimmer sind mit einer K\u00fcchenzeile mit Tee- und Kaffeezubeh\u00f6r, einem K\u00fchlschrank und Kochfeldern ausgestattet.Sie verf\u00fcgen \u00fcber ein eigenes Bad, eine Klimaanlage, einen TV und eine Terrasse oder einen Balkon mit freiem Blick auf die Bucht von Souda und die White Mountains. Kostenloses WLAN ist ebenfalls verf\u00fcgbar.<\/p>\n<\/div>\n[\/vc_column_text][\/vc_column_inner][\/vc_row_inner][vc_empty_space height=&#8220;62px&#8220;][vc_row_inner animation=&#8220;bottom-to-top&#8220; css=&#8220;.vc_custom_1593997661300{margin: 0px !important;padding: 0px !important;border: 0px initial !important;}&#8220;][vc_column_inner][vc_single_image image=&#8220;408&#8243; img_size=&#8220;full&#8220; alignment=&#8220;center&#8220; onclick=&#8220;custom_link&#8220; link=&#8220;https:\/\/sofia-kalyves.gr\/?page_id=445&#8243; el_class=&#8220;cola&#8220; css=&#8220;.vc_custom_1593997668659{margin: 0px !important;padding: 0px !important;border: 0px initial !important;}&#8220;][vc_column_text align=&#8220;center&#8220; el_class=&#8220;white jus&#8220; css=&#8220;.vc_custom_1596461189136{margin-bottom: 0px !important;}&#8220;]\n<div id=\"mobile\" class=\"whitetext2a\">\n<h5 style=\"text-align: center;\"><span style=\"text-decoration: underline;\"><a href=\"https:\/\/sofia-kalyves.gr\/de\/drehort\/\">DREHORT<\/a><\/span><\/h5>\n<h3 style=\"text-align: center;\">KENNEN SIE DEN BEREICH<\/h3>\n<p style=\"text-align: justify;\">Kalyves ist ein K\u00fcstendorf mit etwa 1.500 Einwohnern an der Ostk\u00fcste des Golfs von Souda. Es ist 18 km von Chania und 27 km vom Flughafen Chania entfernt.<\/p>\n<p style=\"text-align: justify;\">Sofia liegt in Gehweite aller Teile von Kalyves, nur 200 m vom Strand und der Bushaltestelle sowie 600 m vom Dorfzentrum entfernt.<\/p>\n<\/div>\n[\/vc_column_text][\/vc_column_inner][\/vc_row_inner][\/vc_column][\/vc_row][vc_row fullwidth=&#8220;true&#8220; visibility=&#8220;visible-sm&#8220;][vc_column css=&#8220;.vc_custom_1593736024723{padding-right: 0px !important;padding-left: 0px !important;}&#8220;][mk_button dimension=&#8220;flat&#8220; size=&#8220;medium&#8220; icon=&#8220;mk-moon-calendar-2&#8243; url=&#8220;https:\/\/reservations.bookoncloud.com\/welcome\/sofia-kalyves-chania?lang=de&amp;channelId=website#\/availability&#8220; align=&#8220;center&#8220; button_custom_width=&#8220;180&#8243; id=&#8220;book&#8220; margin_right=&#8220;0&#8243; animation=&#8220;bottom-to-top&#8220; bg_color=&#8220;#02bcde&#8220; btn_hover_bg=&#8220;#18c0dd&#8220; btn_hover_txt_color=&#8220;#ffffff&#8220;]BOOK NOW[\/mk_button][vc_row_inner animation=&#8220;bottom-to-top&#8220;][vc_column_inner][vc_column_text el_class=&#8220;jus&#8220; css=&#8220;.vc_custom_1622547265867{margin-bottom: 0px !important;background-color: #ffffff !important;}&#8220;]\n<div class=\"whitetext2\">\n<h2 style=\"line-height: 45px; text-align: center;\">Herzlich willkommen<\/h2>\n<p style=\"text-align: justify;\">Die Sofia Zimmer befinden sich in Kalyves, einem K\u00fcstendorf an der Ostk\u00fcste der Souda Bay. Die N\u00e4he der Unterkunft vom Strand und der Panoramablick auf das Meer und die Berge machen es zu einem idealen Ort f\u00fcr einen ruhigen Urlaub am Meer.Es ist ein Familienunternehmen, das sich auf die herzliche kretische Gastfreundschaft, Sauberkeit, den Service und die Zufriedenheit seiner G\u00e4ste konzentriert.<\/p>\n<\/div>\n[\/vc_column_text][\/vc_column_inner][\/vc_row_inner][vc_empty_space][vc_column_text align=&#8220;center&#8220; css=&#8220;.vc_custom_1596156629707{margin-bottom: 0px !important;}&#8220;]\n<h4><a href=\"https:\/\/sofia-kalyves.gr\/en\/covid-19-protocol\/\"><strong><span style=\"text-decoration: underline;\">COVID-19 PROTOCOL<\/span><\/strong><\/a>\u00a0 \u00a0<a href=\"https:\/\/sofia-kalyves.gr\/en\/covid-19-protocol\/\"><img loading=\"lazy\" class=\"alignnone wp-image-1045\" src=\"https:\/\/sofia-kalyves.gr\/wp-content\/uploads\/2020\/07\/ezgif-4-878e1e77ad7e.jpg\" alt=\"\" width=\"69\" height=\"47\" \/><\/a><\/h4>\n[\/vc_column_text][vc_row_inner animation=&#8220;bottom-to-top&#8220;][vc_column_inner][vc_single_image image=&#8220;401&#8243; img_size=&#8220;full&#8220; alignment=&#8220;center&#8220; onclick=&#8220;custom_link&#8220; link=&#8220;https:\/\/sofia-kalyves.gr\/?page_id=441&#8243;][vc_column_text align=&#8220;center&#8220; el_class=&#8220;white jus&#8220; css=&#8220;.vc_custom_1622547401731{margin-bottom: 0px !important;}&#8220;]\n<div id=\"mobile\" class=\"whitetext\">\n<h5 style=\"text-align: center;\"><span style=\"text-decoration: underline;\"><a href=\"https:\/\/sofia-kalyves.gr\/de\/zimmer\/\">ZIMMER<\/a><\/span><\/h5>\n<h5 style=\"text-align: center;\"><\/h5>\n<h3 style=\"text-align: center; margin-bottom: 10px; line-height: 30px;\">HAT SIEBEN TASTY DEKORIERTE ZIMMER<\/h3>\n<p style=\"text-align: justify;\">Sofia verf\u00fcgt \u00fcber 7 geschmackvoll eingerichtete Zimmer f\u00fcr 2 bis 4 Personen. Alle Zimmer sind mit einer K\u00fcchenzeile mit Tee- und Kaffeezubeh\u00f6r, einem K\u00fchlschrank und Kochfeldern ausgestattet.Sie verf\u00fcgen \u00fcber ein eigenes Bad, eine Klimaanlage, einen TV und eine Terrasse oder einen Balkon mit freiem Blick auf die Bucht von Souda und die White Mountains. Kostenloses WLAN ist ebenfalls verf\u00fcgbar.<\/p>\n<\/div>\n[\/vc_column_text][\/vc_column_inner][\/vc_row_inner][vc_row_inner animation=&#8220;bottom-to-top&#8220;][vc_column_inner][vc_empty_space][vc_single_image image=&#8220;404&#8243; img_size=&#8220;full&#8220; alignment=&#8220;center&#8220; onclick=&#8220;custom_link&#8220; link=&#8220;https:\/\/sofia-kalyves.gr\/?page_id=441&#8243;][vc_column_text align=&#8220;center&#8220; el_class=&#8220;white jus&#8220; css=&#8220;.vc_custom_1622547524543{margin-bottom: 0px !important;}&#8220;]\n<div id=\"mobile\" class=\"whitetext\">\n<h5 style=\"text-align: center;\"><a href=\"https:\/\/sofia-kalyves.gr\/de\/dienstleistungen\/\"><span style=\"text-decoration: underline;\">DIENSTLEISTUNGEN<\/span><\/a><\/h5>\n<h5 style=\"text-align: center;\"><\/h5>\n<h3 style=\"text-align: center; margin-bottom: 10px; light-height: 30px;\">Wir betonen die griechische Gastfreundschaft<\/h3>\n<p style=\"text-align: justify;\">Daher ist es unsere Priorit\u00e4t, solche Dienstleistungen anzubieten, um unsere Besucher bestm\u00f6glich zufrieden zu stellen..<\/p>\n<\/div>\n[\/vc_column_text][\/vc_column_inner][\/vc_row_inner][vc_row_inner animation=&#8220;bottom-to-top&#8220; css=&#8220;.vc_custom_1593997661300{margin: 0px !important;padding: 0px !important;border: 0px initial !important;}&#8220;][vc_column_inner][vc_empty_space][vc_single_image image=&#8220;408&#8243; img_size=&#8220;full&#8220; alignment=&#8220;center&#8220; onclick=&#8220;custom_link&#8220; link=&#8220;https:\/\/sofia-kalyves.gr\/?page_id=445&#8243; el_class=&#8220;cola&#8220; css=&#8220;.vc_custom_1593997668659{margin: 0px !important;padding: 0px !important;border: 0px initial !important;}&#8220;][vc_column_text align=&#8220;center&#8220; el_class=&#8220;white jus&#8220; css=&#8220;.vc_custom_1622547632906{margin-bottom: 0px !important;}&#8220;]\n<div id=\"mobile\" class=\"whitetext2a\">\n<h5 style=\"text-align: center;\"><span style=\"text-decoration: underline;\"><a href=\"https:\/\/sofia-kalyves.gr\/de\/drehort\/\">KALYVES<\/a><\/span><\/h5>\n<h3 style=\"text-align: center;\">KENNEN SIE DEN BEREICH<\/h3>\n<p style=\"text-align: justify;\">Kalyves ist ein K\u00fcstendorf mit etwa 1.500 Einwohnern an der Ostk\u00fcste des Golfs von Souda. Es ist 18 km von Chania und 27 km vom Flughafen Chania entfernt.<\/p>\n<p style=\"text-align: justify;\">Sofia liegt in Gehweite aller Teile von Kalyves, nur 200 m vom Strand und der Bushaltestelle sowie 600 m vom Dorfzentrum entfernt.<\/p>\n<\/div>\n[\/vc_column_text][\/vc_column_inner][\/vc_row_inner][vc_row_inner animation=&#8220;bottom-to-top&#8220;][vc_column_inner][vc_empty_space][vc_single_image image=&#8220;622&#8243; img_size=&#8220;full&#8220; alignment=&#8220;center&#8220; onclick=&#8220;custom_link&#8220; link=&#8220;https:\/\/sofia-kalyves.gr\/?page_id=508&#8243;][vc_column_text align=&#8220;center&#8220; el_class=&#8220;white jus&#8220; css=&#8220;.vc_custom_1622547733883{margin-bottom: 0px !important;}&#8220;]\n<div id=\"mobile\" class=\"whitetext\">\n<h5 style=\"text-align: center;\"><a href=\"https:\/\/sofia-kalyves.gr\/de\/sehenswuerdigkeiten\/\"><span style=\"text-decoration: underline;\">IDEALE LAGE<\/span><\/a><\/h5>\n<h5 style=\"text-align: center;\"><\/h5>\n<h3 style=\"margin-bottom: 10px; line-height: 30px; text-align: center;\"><a href=\"https:\/\/sofia-kalyves.gr\/de\/sehenswuerdigkeiten\/\">SEHENSW\u00dcRDIGKEITEN<\/a><\/h3>\n<h3 style=\"margin-bottom: 10px; line-height: 30px; text-align: center;\"><\/h3>\n<p style=\"text-align: justify;\">Mit Kalyves als Basis k\u00f6nnen Sie Ausfl\u00fcge in viele Teile Westkretas unternehmen, da die Umgebung reich an Attraktionen und sch\u00f6nen Str\u00e4nden ist.<\/p>\n<p style=\"text-align: justify;\">Eine Vielzahl von Sehensw\u00fcrdigkeiten, Museen, Kl\u00f6stern und Str\u00e4nden in der Pr\u00e4fektur Chania warten darauf, von Ihnen entdeckt zu werden.<\/p>\n<\/div>\n[\/vc_column_text][\/vc_column_inner][\/vc_row_inner][\/vc_column][\/vc_row][vc_row][vc_column][vc_empty_space height=&#8220;42px&#8220;][\/vc_column][\/vc_row]\n","protected":false},"excerpt":{"rendered":"<p>[vc_row fullwidth=&#8220;true&#8220; equal_columns=&#8220;true&#8220; css=&#8220;.vc_custom_1593736399921{padding-right: 0px !important;padding-left: 0px !important;}&#8220;][vc_column css=&#8220;.vc_custom_1593736045187{border-right-width: 0px !important;padding-left: 0px !important;}&#8220;][\/vc_column][\/vc_row][vc_row visibility=&#8220;hidden-sm&#8220;][vc_column][vc_empty_space][\/vc_column][\/vc_row][vc_row visibility=&#8220;visible-sm&#8220;][vc_column][vc_empty_space][\/vc_column][\/vc_row][vc_row fullwidth=&#8220;true&#8220; visibility=&#8220;hidden-sm&#8220;][vc_column width=&#8220;1\/2&#8243; css=&#8220;.vc_custom_1593736024723{padding-right: 0px !important;padding-left: 0px !important;}&#8220;][vc_row_inner animation=&#8220;bottom-to-top&#8220;][vc_column_inner][vc_column_text el_class=&#8220;jus&#8220; css=&#8220;.vc_custom_1595417083908{margin-bottom: 0px !important;background-color: #ffffff !important;}&#8220;] Herzlich willkommen Die Sofia Zimmer befinden sich in Kalyves, einem K\u00fcstendorf an der Ostk\u00fcste der Souda Bay. Die N\u00e4he der Unterkunft vom Strand und der [&hellip;]<\/p>\n","protected":false},"author":1,"featured_media":0,"parent":0,"menu_order":0,"comment_status":"closed","ping_status":"open","template":"","meta":[],"yoast_head":"<!-- This site is optimized with the Yoast SEO plugin v20.6 - https:\/\/yoast.com\/wordpress\/plugins\/seo\/ -->\n<title>Sofia accommodation in Kalyves - Sofia Kalyves<\/title>\n<meta name=\"robots\" content=\"index, follow, max-snippet:-1, max-image-preview:large, max-video-preview:-1\" \/>\n<link rel=\"canonical\" href=\"https:\/\/sofia-kalyves.gr\/de\/\" \/>\n<meta property=\"og:locale\" content=\"de_DE\" \/>\n<meta property=\"og:type\" content=\"article\" \/>\n<meta property=\"og:title\" content=\"Sofia accommodation in Kalyves - Sofia Kalyves\" \/>\n<meta property=\"og:description\" content=\"[vc_row fullwidth=&#8220;true&#8220; equal_columns=&#8220;true&#8220; css=&#8220;.vc_custom_1593736399921{padding-right: 0px !important;padding-left: 0px !important;}&#8220;][vc_column css=&#8220;.vc_custom_1593736045187{border-right-width: 0px !important;padding-left: 0px !important;}&#8220;][\/vc_column][\/vc_row][vc_row visibility=&#8220;hidden-sm&#8220;][vc_column][vc_empty_space][\/vc_column][\/vc_row][vc_row visibility=&#8220;visible-sm&#8220;][vc_column][vc_empty_space][\/vc_column][\/vc_row][vc_row fullwidth=&#8220;true&#8220; visibility=&#8220;hidden-sm&#8220;][vc_column width=&#8220;1\/2&#8243; css=&#8220;.vc_custom_1593736024723{padding-right: 0px !important;padding-left: 0px !important;}&#8220;][vc_row_inner animation=&#8220;bottom-to-top&#8220;][vc_column_inner][vc_column_text el_class=&#8220;jus&#8220; css=&#8220;.vc_custom_1595417083908{margin-bottom: 0px !important;background-color: #ffffff !important;}&#8220;] Herzlich willkommen Die Sofia Zimmer befinden sich in Kalyves, einem K\u00fcstendorf an der Ostk\u00fcste der Souda Bay. Die N\u00e4he der Unterkunft vom Strand und der [&hellip;]\" \/>\n<meta property=\"og:url\" content=\"https:\/\/sofia-kalyves.gr\/de\/\" \/>\n<meta property=\"og:site_name\" content=\"Sofia Kalyves\" \/>\n<meta property=\"article:modified_time\" content=\"2024-10-01T11:43:34+00:00\" \/>\n<meta property=\"og:image\" content=\"https:\/\/sofia-kalyves.gr\/wp-content\/uploads\/2020\/07\/ezgif-4-878e1e77ad7e.jpg\" \/>\n<meta name=\"twitter:card\" content=\"summary_large_image\" \/>\n<meta name=\"twitter:label1\" content=\"Gesch\u00e4tzte Lesezeit\" \/>\n\t<meta name=\"twitter:data1\" content=\"5\u00a0Minuten\" \/>\n<script type=\"application\/ld+json\" class=\"yoast-schema-graph\">{\"@context\":\"https:\/\/schema.org\",\"@graph\":[{\"@type\":\"WebPage\",\"@id\":\"https:\/\/sofia-kalyves.gr\/de\/\",\"url\":\"https:\/\/sofia-kalyves.gr\/de\/\",\"name\":\"Sofia accommodation in Kalyves - Sofia Kalyves\",\"isPartOf\":{\"@id\":\"https:\/\/sofia-kalyves.gr\/de\/#website\"},\"datePublished\":\"2020-06-10T10:58:16+00:00\",\"dateModified\":\"2024-10-01T11:43:34+00:00\",\"breadcrumb\":{\"@id\":\"https:\/\/sofia-kalyves.gr\/de\/#breadcrumb\"},\"inLanguage\":\"de\",\"potentialAction\":[{\"@type\":\"ReadAction\",\"target\":[\"https:\/\/sofia-kalyves.gr\/de\/\"]}]},{\"@type\":\"BreadcrumbList\",\"@id\":\"https:\/\/sofia-kalyves.gr\/de\/#breadcrumb\",\"itemListElement\":[{\"@type\":\"ListItem\",\"position\":1,\"name\":\"\u0391\u03c1\u03c7\u03b9\u03ba\u03ae\",\"item\":\"https:\/\/sofia-kalyves.gr\/de\/\"},{\"@type\":\"ListItem\",\"position\":2,\"name\":\"Sofia accommodation in Kalyves\"}]},{\"@type\":\"WebSite\",\"@id\":\"https:\/\/sofia-kalyves.gr\/de\/#website\",\"url\":\"https:\/\/sofia-kalyves.gr\/de\/\",\"name\":\"Sofia Kalyves\",\"description\":\"Sofia accommodation in Kalyves - relaxing holidays in Kalives, Apokoronou, Chania, Crete\",\"potentialAction\":[{\"@type\":\"SearchAction\",\"target\":{\"@type\":\"EntryPoint\",\"urlTemplate\":\"https:\/\/sofia-kalyves.gr\/de\/?s={search_term_string}\"},\"query-input\":\"required name=search_term_string\"}],\"inLanguage\":\"de\"}]}<\/script>\n<!-- \/ Yoast SEO plugin. -->","yoast_head_json":{"title":"Sofia accommodation in Kalyves - Sofia Kalyves","robots":{"index":"index","follow":"follow","max-snippet":"max-snippet:-1","max-image-preview":"max-image-preview:large","max-video-preview":"max-video-preview:-1"},"canonical":"https:\/\/sofia-kalyves.gr\/de\/","og_locale":"de_DE","og_type":"article","og_title":"Sofia accommodation in Kalyves - Sofia Kalyves","og_description":"[vc_row fullwidth=&#8220;true&#8220; equal_columns=&#8220;true&#8220; css=&#8220;.vc_custom_1593736399921{padding-right: 0px !important;padding-left: 0px !important;}&#8220;][vc_column css=&#8220;.vc_custom_1593736045187{border-right-width: 0px !important;padding-left: 0px !important;}&#8220;][\/vc_column][\/vc_row][vc_row visibility=&#8220;hidden-sm&#8220;][vc_column][vc_empty_space][\/vc_column][\/vc_row][vc_row visibility=&#8220;visible-sm&#8220;][vc_column][vc_empty_space][\/vc_column][\/vc_row][vc_row fullwidth=&#8220;true&#8220; visibility=&#8220;hidden-sm&#8220;][vc_column width=&#8220;1\/2&#8243; css=&#8220;.vc_custom_1593736024723{padding-right: 0px !important;padding-left: 0px !important;}&#8220;][vc_row_inner animation=&#8220;bottom-to-top&#8220;][vc_column_inner][vc_column_text el_class=&#8220;jus&#8220; css=&#8220;.vc_custom_1595417083908{margin-bottom: 0px !important;background-color: #ffffff !important;}&#8220;] Herzlich willkommen Die Sofia Zimmer befinden sich in Kalyves, einem K\u00fcstendorf an der Ostk\u00fcste der Souda Bay. Die N\u00e4he der Unterkunft vom Strand und der [&hellip;]","og_url":"https:\/\/sofia-kalyves.gr\/de\/","og_site_name":"Sofia Kalyves","article_modified_time":"2024-10-01T11:43:34+00:00","og_image":[{"url":"https:\/\/sofia-kalyves.gr\/wp-content\/uploads\/2020\/07\/ezgif-4-878e1e77ad7e.jpg"}],"twitter_card":"summary_large_image","twitter_misc":{"Gesch\u00e4tzte Lesezeit":"5\u00a0Minuten"},"schema":{"@context":"https:\/\/schema.org","@graph":[{"@type":"WebPage","@id":"https:\/\/sofia-kalyves.gr\/de\/","url":"https:\/\/sofia-kalyves.gr\/de\/","name":"Sofia accommodation in Kalyves - Sofia Kalyves","isPartOf":{"@id":"https:\/\/sofia-kalyves.gr\/de\/#website"},"datePublished":"2020-06-10T10:58:16+00:00","dateModified":"2024-10-01T11:43:34+00:00","breadcrumb":{"@id":"https:\/\/sofia-kalyves.gr\/de\/#breadcrumb"},"inLanguage":"de","potentialAction":[{"@type":"ReadAction","target":["https:\/\/sofia-kalyves.gr\/de\/"]}]},{"@type":"BreadcrumbList","@id":"https:\/\/sofia-kalyves.gr\/de\/#breadcrumb","itemListElement":[{"@type":"ListItem","position":1,"name":"\u0391\u03c1\u03c7\u03b9\u03ba\u03ae","item":"https:\/\/sofia-kalyves.gr\/de\/"},{"@type":"ListItem","position":2,"name":"Sofia accommodation in Kalyves"}]},{"@type":"WebSite","@id":"https:\/\/sofia-kalyves.gr\/de\/#website","url":"https:\/\/sofia-kalyves.gr\/de\/","name":"Sofia Kalyves","description":"Sofia accommodation in Kalyves - relaxing holidays in Kalives, Apokoronou, Chania, Crete","potentialAction":[{"@type":"SearchAction","target":{"@type":"EntryPoint","urlTemplate":"https:\/\/sofia-kalyves.gr\/de\/?s={search_term_string}"},"query-input":"required name=search_term_string"}],"inLanguage":"de"}]}},"_links":{"self":[{"href":"https:\/\/sofia-kalyves.gr\/de\/wp-json\/wp\/v2\/pages\/722"}],"collection":[{"href":"https:\/\/sofia-kalyves.gr\/de\/wp-json\/wp\/v2\/pages"}],"about":[{"href":"https:\/\/sofia-kalyves.gr\/de\/wp-json\/wp\/v2\/types\/page"}],"author":[{"embeddable":true,"href":"https:\/\/sofia-kalyves.gr\/de\/wp-json\/wp\/v2\/users\/1"}],"replies":[{"embeddable":true,"href":"https:\/\/sofia-kalyves.gr\/de\/wp-json\/wp\/v2\/comments?post=722"}],"version-history":[{"count":36,"href":"https:\/\/sofia-kalyves.gr\/de\/wp-json\/wp\/v2\/pages\/722\/revisions"}],"predecessor-version":[{"id":1118,"href":"https:\/\/sofia-kalyves.gr\/de\/wp-json\/wp\/v2\/pages\/722\/revisions\/1118"}],"wp:attachment":[{"href":"https:\/\/sofia-kalyves.gr\/de\/wp-json\/wp\/v2\/media?parent=722"}],"curies":[{"name":"wp","href":"https:\/\/api.w.org\/{rel}","templated":true}]}}