{"id":774,"date":"2020-07-01T14:11:31","date_gmt":"2020-07-01T12:11:31","guid":{"rendered":"https:\/\/sofia-kalyves.gr\/%ce%b1%ce%be%ce%b9%ce%bf%ce%b8%ce%b5%ce%b1%cf%84%ce%b1\/"},"modified":"2020-07-22T14:47:18","modified_gmt":"2020-07-22T12:47:18","slug":"sehenswuerdigkeiten","status":"publish","type":"page","link":"https:\/\/sofia-kalyves.gr\/de\/sehenswuerdigkeiten\/","title":{"rendered":"SEHENSW\u00dcRDIGKEITEN"},"content":{"rendered":"[mk_page_section bg_image=&#8220;https:\/\/sofia-kalyves.gr\/wp-content\/uploads\/2020\/07\/axiotheata.jpg&#8220; bg_position=&#8220;center center&#8220; bg_stretch=&#8220;true&#8220; min_height=&#8220;549&#8243; visibility=&#8220;hidden-sm&#8220; sidebar=&#8220;sidebar-1&#8243;][vc_column][\/vc_column][\/mk_page_section][mk_page_section bg_image=&#8220;https:\/\/sofia-kalyves.gr\/wp-content\/uploads\/2020\/07\/axiotheata.jpg&#8220; bg_position=&#8220;center center&#8220; bg_stretch=&#8220;true&#8220; min_height=&#8220;282&#8243; visibility=&#8220;visible-sm&#8220; sidebar=&#8220;sidebar-1&#8243;][vc_column][\/vc_column][\/mk_page_section][vc_row][vc_column css=&#8220;.vc_custom_1496934398482{margin-top: -60px !important;}&#8220;][vc_column_text align=&#8220;center&#8220; css=&#8220;.vc_custom_1595418540672{margin-bottom: 0px !important;}&#8220;]\n<div style=\"background-color: #fff; position: relative; padding: 30px; z-index: 99;\">\n<h1 style=\"text-align: center;\">Sehensw\u00fcrdigkeiten der Gegend<\/h1>\n<p style=\"text-align: center;\">W\u00e4hrend Sie in Kalyves sind, k\u00f6nnen Sie die venezianische Wasserm\u00fchle besuchen, die aus dem 16. Jahrhundert stammt und sich auf dem Dorfplatz befindet. Ganz in der N\u00e4he unserer Unterkunft befindet sich der Kastelli-H\u00fcgel, von dem aus Sie einen einzigartigen Blick auf die gesamte Bucht von Souda genie\u00dfen und einen Teil der venezianischen Burg von Apokoronas sehen k\u00f6nnen, der dort noch vorhanden ist.<\/p>\n<p style=\"text-align: center;\">Eine der wichtigsten Sehensw\u00fcrdigkeiten der Insel, die einen Besuch wert ist, ist die arch\u00e4ologische St\u00e4tte Aptera, die sich nur 10 km von Sofia entfernt befindet.Das antike Aptera war eine der wichtigsten St\u00e4dte &#8211; Staaten von Kreta, die ab dem 8. v. Chr. Ununterbrochen bewohnt waren. Jahrhundert bis zum 7. n. Chr Jahrhundert.<\/p>\n<\/div>\n[\/vc_column_text][\/vc_column][\/vc_row][vc_row][vc_column][vc_empty_space height=&#8220;42px&#8220;][\/vc_column][\/vc_row][vc_row][vc_column][mk_gallery images=&#8220;616,589,571&#8243; height=&#8220;334&#8243; item_spacing=&#8220;15&#8243;][\/vc_column][\/vc_row][vc_row animation=&#8220;bottom-to-top&#8220;][vc_column][vc_column_text css=&#8220;.vc_custom_1595421294938{padding-top: 30px !important;padding-right: 30px !important;padding-bottom: 30px !important;padding-left: 30px !important;background-color: #ffffff !important;}&#8220;]Ein Besuch des 7 km von unserer Unterkunft entfernten Historischen und Folkloremuseums von Gavalochori bietet Ihnen die M\u00f6glichkeit, die Kunst und Traditionen Kretas kennenzulernen und au\u00dfergew\u00f6hnliche Exponate zu bewundern.<\/p>\n<p>Eine Vielzahl von Sehensw\u00fcrdigkeiten, Museen, Kl\u00f6stern und Str\u00e4nden in der Pr\u00e4fektur Chania warten darauf, von Ihnen entdeckt zu werden. Wir empfehlen nur, die Altstadt von Chania und den beliebtesten und exotischsten Strand von Kreta Elafonisi zu besuchen.[\/vc_column_text][\/vc_column][\/vc_row][vc_row][vc_column][vc_empty_space height=&#8220;42px&#8220;][\/vc_column][\/vc_row][vc_row][vc_column][mk_gallery images=&#8220;622,619,613,610,595,598,601,607,592,586,583,580,577,574&#8243; column=&#8220;2&#8243; height=&#8220;405&#8243; item_spacing=&#8220;15&#8243;][\/vc_column][\/vc_row]\n","protected":false},"excerpt":{"rendered":"<p>[mk_page_section bg_image=&#8220;https:\/\/sofia-kalyves.gr\/wp-content\/uploads\/2020\/07\/axiotheata.jpg&#8220; bg_position=&#8220;center center&#8220; bg_stretch=&#8220;true&#8220; min_height=&#8220;549&#8243; visibility=&#8220;hidden-sm&#8220; sidebar=&#8220;sidebar-1&#8243;][vc_column][\/vc_column][\/mk_page_section][mk_page_section bg_image=&#8220;https:\/\/sofia-kalyves.gr\/wp-content\/uploads\/2020\/07\/axiotheata.jpg&#8220; bg_position=&#8220;center center&#8220; bg_stretch=&#8220;true&#8220; min_height=&#8220;282&#8243; visibility=&#8220;visible-sm&#8220; sidebar=&#8220;sidebar-1&#8243;][vc_column][\/vc_column][\/mk_page_section][vc_row][vc_column css=&#8220;.vc_custom_1496934398482{margin-top: -60px !important;}&#8220;][vc_column_text align=&#8220;center&#8220; css=&#8220;.vc_custom_1595418540672{margin-bottom: 0px !important;}&#8220;] Sehensw\u00fcrdigkeiten der Gegend W\u00e4hrend Sie in Kalyves sind, k\u00f6nnen Sie die venezianische Wasserm\u00fchle besuchen, die aus dem 16. Jahrhundert stammt und sich auf dem Dorfplatz befindet. Ganz in der N\u00e4he unserer Unterkunft befindet [&hellip;]<\/p>\n","protected":false},"author":1,"featured_media":0,"parent":0,"menu_order":0,"comment_status":"closed","ping_status":"closed","template":"","meta":[],"yoast_head":"<!-- This site is optimized with the Yoast SEO plugin v20.6 - https:\/\/yoast.com\/wordpress\/plugins\/seo\/ -->\n<title>SEHENSW\u00dcRDIGKEITEN - Sofia Kalyves<\/title>\n<meta name=\"robots\" content=\"index, follow, max-snippet:-1, max-image-preview:large, max-video-preview:-1\" \/>\n<link rel=\"canonical\" href=\"https:\/\/sofia-kalyves.gr\/de\/sehenswuerdigkeiten\/\" \/>\n<meta property=\"og:locale\" content=\"de_DE\" \/>\n<meta property=\"og:type\" content=\"article\" \/>\n<meta property=\"og:title\" content=\"SEHENSW\u00dcRDIGKEITEN - Sofia Kalyves\" \/>\n<meta property=\"og:description\" content=\"[mk_page_section bg_image=&#8220;https:\/\/sofia-kalyves.gr\/wp-content\/uploads\/2020\/07\/axiotheata.jpg&#8220; bg_position=&#8220;center center&#8220; bg_stretch=&#8220;true&#8220; min_height=&#8220;549&#8243; visibility=&#8220;hidden-sm&#8220; sidebar=&#8220;sidebar-1&#8243;][vc_column][\/vc_column][\/mk_page_section][mk_page_section bg_image=&#8220;https:\/\/sofia-kalyves.gr\/wp-content\/uploads\/2020\/07\/axiotheata.jpg&#8220; bg_position=&#8220;center center&#8220; bg_stretch=&#8220;true&#8220; min_height=&#8220;282&#8243; visibility=&#8220;visible-sm&#8220; sidebar=&#8220;sidebar-1&#8243;][vc_column][\/vc_column][\/mk_page_section][vc_row][vc_column css=&#8220;.vc_custom_1496934398482{margin-top: -60px !important;}&#8220;][vc_column_text align=&#8220;center&#8220; css=&#8220;.vc_custom_1595418540672{margin-bottom: 0px !important;}&#8220;] Sehensw\u00fcrdigkeiten der Gegend W\u00e4hrend Sie in Kalyves sind, k\u00f6nnen Sie die venezianische Wasserm\u00fchle besuchen, die aus dem 16. Jahrhundert stammt und sich auf dem Dorfplatz befindet. Ganz in der N\u00e4he unserer Unterkunft befindet [&hellip;]\" \/>\n<meta property=\"og:url\" content=\"https:\/\/sofia-kalyves.gr\/de\/sehenswuerdigkeiten\/\" \/>\n<meta property=\"og:site_name\" content=\"Sofia Kalyves\" \/>\n<meta property=\"article:modified_time\" content=\"2020-07-22T12:47:18+00:00\" \/>\n<meta name=\"twitter:card\" content=\"summary_large_image\" \/>\n<meta name=\"twitter:label1\" content=\"Gesch\u00e4tzte Lesezeit\" \/>\n\t<meta name=\"twitter:data1\" content=\"2\u00a0Minuten\" \/>\n<script type=\"application\/ld+json\" class=\"yoast-schema-graph\">{\"@context\":\"https:\/\/schema.org\",\"@graph\":[{\"@type\":\"WebPage\",\"@id\":\"https:\/\/sofia-kalyves.gr\/de\/sehenswuerdigkeiten\/\",\"url\":\"https:\/\/sofia-kalyves.gr\/de\/sehenswuerdigkeiten\/\",\"name\":\"SEHENSW\u00dcRDIGKEITEN - Sofia Kalyves\",\"isPartOf\":{\"@id\":\"https:\/\/sofia-kalyves.gr\/de\/#website\"},\"datePublished\":\"2020-07-01T12:11:31+00:00\",\"dateModified\":\"2020-07-22T12:47:18+00:00\",\"breadcrumb\":{\"@id\":\"https:\/\/sofia-kalyves.gr\/de\/sehenswuerdigkeiten\/#breadcrumb\"},\"inLanguage\":\"de\",\"potentialAction\":[{\"@type\":\"ReadAction\",\"target\":[\"https:\/\/sofia-kalyves.gr\/de\/sehenswuerdigkeiten\/\"]}]},{\"@type\":\"BreadcrumbList\",\"@id\":\"https:\/\/sofia-kalyves.gr\/de\/sehenswuerdigkeiten\/#breadcrumb\",\"itemListElement\":[{\"@type\":\"ListItem\",\"position\":1,\"name\":\"\u0391\u03c1\u03c7\u03b9\u03ba\u03ae\",\"item\":\"https:\/\/sofia-kalyves.gr\/de\/\"},{\"@type\":\"ListItem\",\"position\":2,\"name\":\"SEHENSW\u00dcRDIGKEITEN\"}]},{\"@type\":\"WebSite\",\"@id\":\"https:\/\/sofia-kalyves.gr\/de\/#website\",\"url\":\"https:\/\/sofia-kalyves.gr\/de\/\",\"name\":\"Sofia Kalyves\",\"description\":\"Sofia accommodation in Kalyves - relaxing holidays in Kalives, Apokoronou, Chania, Crete\",\"potentialAction\":[{\"@type\":\"SearchAction\",\"target\":{\"@type\":\"EntryPoint\",\"urlTemplate\":\"https:\/\/sofia-kalyves.gr\/de\/?s={search_term_string}\"},\"query-input\":\"required name=search_term_string\"}],\"inLanguage\":\"de\"}]}<\/script>\n<!-- \/ Yoast SEO plugin. -->","yoast_head_json":{"title":"SEHENSW\u00dcRDIGKEITEN - Sofia Kalyves","robots":{"index":"index","follow":"follow","max-snippet":"max-snippet:-1","max-image-preview":"max-image-preview:large","max-video-preview":"max-video-preview:-1"},"canonical":"https:\/\/sofia-kalyves.gr\/de\/sehenswuerdigkeiten\/","og_locale":"de_DE","og_type":"article","og_title":"SEHENSW\u00dcRDIGKEITEN - Sofia Kalyves","og_description":"[mk_page_section bg_image=&#8220;https:\/\/sofia-kalyves.gr\/wp-content\/uploads\/2020\/07\/axiotheata.jpg&#8220; bg_position=&#8220;center center&#8220; bg_stretch=&#8220;true&#8220; min_height=&#8220;549&#8243; visibility=&#8220;hidden-sm&#8220; sidebar=&#8220;sidebar-1&#8243;][vc_column][\/vc_column][\/mk_page_section][mk_page_section bg_image=&#8220;https:\/\/sofia-kalyves.gr\/wp-content\/uploads\/2020\/07\/axiotheata.jpg&#8220; bg_position=&#8220;center center&#8220; bg_stretch=&#8220;true&#8220; min_height=&#8220;282&#8243; visibility=&#8220;visible-sm&#8220; sidebar=&#8220;sidebar-1&#8243;][vc_column][\/vc_column][\/mk_page_section][vc_row][vc_column css=&#8220;.vc_custom_1496934398482{margin-top: -60px !important;}&#8220;][vc_column_text align=&#8220;center&#8220; css=&#8220;.vc_custom_1595418540672{margin-bottom: 0px !important;}&#8220;] Sehensw\u00fcrdigkeiten der Gegend W\u00e4hrend Sie in Kalyves sind, k\u00f6nnen Sie die venezianische Wasserm\u00fchle besuchen, die aus dem 16. Jahrhundert stammt und sich auf dem Dorfplatz befindet. Ganz in der N\u00e4he unserer Unterkunft befindet [&hellip;]","og_url":"https:\/\/sofia-kalyves.gr\/de\/sehenswuerdigkeiten\/","og_site_name":"Sofia Kalyves","article_modified_time":"2020-07-22T12:47:18+00:00","twitter_card":"summary_large_image","twitter_misc":{"Gesch\u00e4tzte Lesezeit":"2\u00a0Minuten"},"schema":{"@context":"https:\/\/schema.org","@graph":[{"@type":"WebPage","@id":"https:\/\/sofia-kalyves.gr\/de\/sehenswuerdigkeiten\/","url":"https:\/\/sofia-kalyves.gr\/de\/sehenswuerdigkeiten\/","name":"SEHENSW\u00dcRDIGKEITEN - Sofia Kalyves","isPartOf":{"@id":"https:\/\/sofia-kalyves.gr\/de\/#website"},"datePublished":"2020-07-01T12:11:31+00:00","dateModified":"2020-07-22T12:47:18+00:00","breadcrumb":{"@id":"https:\/\/sofia-kalyves.gr\/de\/sehenswuerdigkeiten\/#breadcrumb"},"inLanguage":"de","potentialAction":[{"@type":"ReadAction","target":["https:\/\/sofia-kalyves.gr\/de\/sehenswuerdigkeiten\/"]}]},{"@type":"BreadcrumbList","@id":"https:\/\/sofia-kalyves.gr\/de\/sehenswuerdigkeiten\/#breadcrumb","itemListElement":[{"@type":"ListItem","position":1,"name":"\u0391\u03c1\u03c7\u03b9\u03ba\u03ae","item":"https:\/\/sofia-kalyves.gr\/de\/"},{"@type":"ListItem","position":2,"name":"SEHENSW\u00dcRDIGKEITEN"}]},{"@type":"WebSite","@id":"https:\/\/sofia-kalyves.gr\/de\/#website","url":"https:\/\/sofia-kalyves.gr\/de\/","name":"Sofia Kalyves","description":"Sofia accommodation in Kalyves - relaxing holidays in Kalives, Apokoronou, Chania, Crete","potentialAction":[{"@type":"SearchAction","target":{"@type":"EntryPoint","urlTemplate":"https:\/\/sofia-kalyves.gr\/de\/?s={search_term_string}"},"query-input":"required name=search_term_string"}],"inLanguage":"de"}]}},"_links":{"self":[{"href":"https:\/\/sofia-kalyves.gr\/de\/wp-json\/wp\/v2\/pages\/774"}],"collection":[{"href":"https:\/\/sofia-kalyves.gr\/de\/wp-json\/wp\/v2\/pages"}],"about":[{"href":"https:\/\/sofia-kalyves.gr\/de\/wp-json\/wp\/v2\/types\/page"}],"author":[{"embeddable":true,"href":"https:\/\/sofia-kalyves.gr\/de\/wp-json\/wp\/v2\/users\/1"}],"replies":[{"embeddable":true,"href":"https:\/\/sofia-kalyves.gr\/de\/wp-json\/wp\/v2\/comments?post=774"}],"version-history":[{"count":4,"href":"https:\/\/sofia-kalyves.gr\/de\/wp-json\/wp\/v2\/pages\/774\/revisions"}],"predecessor-version":[{"id":986,"href":"https:\/\/sofia-kalyves.gr\/de\/wp-json\/wp\/v2\/pages\/774\/revisions\/986"}],"wp:attachment":[{"href":"https:\/\/sofia-kalyves.gr\/de\/wp-json\/wp\/v2\/media?parent=774"}],"curies":[{"name":"wp","href":"https:\/\/api.w.org\/{rel}","templated":true}]}}