{"id":778,"date":"2020-07-01T04:43:33","date_gmt":"2020-07-01T02:43:33","guid":{"rendered":"https:\/\/sofia-kalyves.gr\/%ce%b4%cf%89%ce%bc%ce%b1%cf%84%ce%b9%ce%b1\/"},"modified":"2020-07-17T16:33:01","modified_gmt":"2020-07-17T14:33:01","slug":"zimmer","status":"publish","type":"page","link":"https:\/\/sofia-kalyves.gr\/de\/zimmer\/","title":{"rendered":"ZIMMER"},"content":{"rendered":"[vc_row css=&#8220;.vc_custom_1593970086920{padding-top: 30px !important;}&#8220;][vc_column][vc_column_text css=&#8220;.vc_custom_1594990295044{margin-bottom: 0px !important;}&#8220;]\n<h2 style=\"text-align: center;\">R\u00e4ume<\/h2>\n<p style=\"padding-top: 20px;\">Sofia verf\u00fcgt \u00fcber 7 geschmackvoll eingerichtete Zimmer f\u00fcr 2 bis 4 Personen.<\/p>\n<p>Alle Zimmer sind mit einer K\u00fcchenzeile mit Tee- und Kaffeezubeh\u00f6r, einem K\u00fchlschrank und Kochfeldern ausgestattet. Sie verf\u00fcgen \u00fcber ein eigenes Bad, eine individuelle Klimaanlage, einen TV und eine Terrasse oder einen Balkon mit freiem Blick auf die Bucht von Souda und die White Mountains. Kostenloses WLAN ist ebenfalls verf\u00fcgbar.[\/vc_column_text][\/vc_column][\/vc_row][vc_row][vc_column][vc_empty_space][\/vc_column][\/vc_row][vc_row css=&#8220;.vc_custom_1594930056148{margin-top: 0px !important;margin-right: 0px !important;margin-bottom: 0px !important;margin-left: 0px !important;padding-top: 0px !important;padding-right: 0px !important;padding-bottom: 0px !important;padding-left: 0px !important;}&#8220;][vc_column css=&#8220;.vc_custom_1594930062435{margin: 0px !important;padding: 0px !important;}&#8220;][mk_photo_album space=&#8220;25&#8243; column=&#8220;2&#8243; album_height=&#8220;380&#8243; pagination=&#8220;false&#8220; order=&#8220;ASC&#8220; show_title_desc_without_hover=&#8220;true&#8220; title_font_size=&#8220;19&#8243; description_font_size=&#8220;14&#8243; show_thumbnail_without_hover=&#8220;true&#8220; thumbnail_shape=&#8220;circle&#8220; show_overlay_without_hover=&#8220;true&#8220; overlay_background=&#8220;rgba(10,10,10,0.28)&#8220; cover_image_hover_animation=&#8220;blur&#8220;][\/vc_column][\/vc_row][vc_row][vc_column][vc_icon el_id=&#8220;no&#8220;][\/vc_column][\/vc_row]\n","protected":false},"excerpt":{"rendered":"<p>[vc_row css=&#8220;.vc_custom_1593970086920{padding-top: 30px !important;}&#8220;][vc_column][vc_column_text css=&#8220;.vc_custom_1594990295044{margin-bottom: 0px !important;}&#8220;] R\u00e4ume Sofia verf\u00fcgt \u00fcber 7 geschmackvoll eingerichtete Zimmer f\u00fcr 2 bis 4 Personen. Alle Zimmer sind mit einer K\u00fcchenzeile mit Tee- und Kaffeezubeh\u00f6r, einem K\u00fchlschrank und Kochfeldern ausgestattet. Sie verf\u00fcgen \u00fcber ein eigenes Bad, eine individuelle Klimaanlage, einen TV und eine Terrasse oder einen Balkon mit freiem Blick [&hellip;]<\/p>\n","protected":false},"author":1,"featured_media":1017,"parent":0,"menu_order":0,"comment_status":"closed","ping_status":"closed","template":"","meta":[],"yoast_head":"<!-- This site is optimized with the Yoast SEO plugin v20.6 - https:\/\/yoast.com\/wordpress\/plugins\/seo\/ -->\n<title>ZIMMER - Sofia Kalyves<\/title>\n<meta name=\"robots\" content=\"index, follow, max-snippet:-1, max-image-preview:large, max-video-preview:-1\" \/>\n<link rel=\"canonical\" href=\"https:\/\/sofia-kalyves.gr\/de\/zimmer\/\" \/>\n<meta property=\"og:locale\" content=\"de_DE\" \/>\n<meta property=\"og:type\" content=\"article\" \/>\n<meta property=\"og:title\" content=\"ZIMMER - Sofia Kalyves\" \/>\n<meta property=\"og:description\" content=\"[vc_row css=&#8220;.vc_custom_1593970086920{padding-top: 30px !important;}&#8220;][vc_column][vc_column_text css=&#8220;.vc_custom_1594990295044{margin-bottom: 0px !important;}&#8220;] R\u00e4ume Sofia verf\u00fcgt \u00fcber 7 geschmackvoll eingerichtete Zimmer f\u00fcr 2 bis 4 Personen. Alle Zimmer sind mit einer K\u00fcchenzeile mit Tee- und Kaffeezubeh\u00f6r, einem K\u00fchlschrank und Kochfeldern ausgestattet. Sie verf\u00fcgen \u00fcber ein eigenes Bad, eine individuelle Klimaanlage, einen TV und eine Terrasse oder einen Balkon mit freiem Blick [&hellip;]\" \/>\n<meta property=\"og:url\" content=\"https:\/\/sofia-kalyves.gr\/de\/zimmer\/\" \/>\n<meta property=\"og:site_name\" content=\"Sofia Kalyves\" \/>\n<meta property=\"article:modified_time\" content=\"2020-07-17T14:33:01+00:00\" \/>\n<meta property=\"og:image\" content=\"https:\/\/sofia-kalyves.gr\/wp-content\/uploads\/2020\/07\/sofia-kalyves-2.jpg\" \/>\n\t<meta property=\"og:image:width\" content=\"1440\" \/>\n\t<meta property=\"og:image:height\" content=\"957\" \/>\n\t<meta property=\"og:image:type\" content=\"image\/jpeg\" \/>\n<meta name=\"twitter:card\" content=\"summary_large_image\" \/>\n<meta name=\"twitter:label1\" content=\"Gesch\u00e4tzte Lesezeit\" \/>\n\t<meta name=\"twitter:data1\" content=\"1\u00a0Minute\" \/>\n<script type=\"application\/ld+json\" class=\"yoast-schema-graph\">{\"@context\":\"https:\/\/schema.org\",\"@graph\":[{\"@type\":\"WebPage\",\"@id\":\"https:\/\/sofia-kalyves.gr\/de\/zimmer\/\",\"url\":\"https:\/\/sofia-kalyves.gr\/de\/zimmer\/\",\"name\":\"ZIMMER - Sofia Kalyves\",\"isPartOf\":{\"@id\":\"https:\/\/sofia-kalyves.gr\/de\/#website\"},\"datePublished\":\"2020-07-01T02:43:33+00:00\",\"dateModified\":\"2020-07-17T14:33:01+00:00\",\"breadcrumb\":{\"@id\":\"https:\/\/sofia-kalyves.gr\/de\/zimmer\/#breadcrumb\"},\"inLanguage\":\"de\",\"potentialAction\":[{\"@type\":\"ReadAction\",\"target\":[\"https:\/\/sofia-kalyves.gr\/de\/zimmer\/\"]}]},{\"@type\":\"BreadcrumbList\",\"@id\":\"https:\/\/sofia-kalyves.gr\/de\/zimmer\/#breadcrumb\",\"itemListElement\":[{\"@type\":\"ListItem\",\"position\":1,\"name\":\"\u0391\u03c1\u03c7\u03b9\u03ba\u03ae\",\"item\":\"https:\/\/sofia-kalyves.gr\/de\/\"},{\"@type\":\"ListItem\",\"position\":2,\"name\":\"ZIMMER\"}]},{\"@type\":\"WebSite\",\"@id\":\"https:\/\/sofia-kalyves.gr\/de\/#website\",\"url\":\"https:\/\/sofia-kalyves.gr\/de\/\",\"name\":\"Sofia Kalyves\",\"description\":\"Sofia accommodation in Kalyves - relaxing holidays in Kalives, Apokoronou, Chania, Crete\",\"potentialAction\":[{\"@type\":\"SearchAction\",\"target\":{\"@type\":\"EntryPoint\",\"urlTemplate\":\"https:\/\/sofia-kalyves.gr\/de\/?s={search_term_string}\"},\"query-input\":\"required name=search_term_string\"}],\"inLanguage\":\"de\"}]}<\/script>\n<!-- \/ Yoast SEO plugin. -->","yoast_head_json":{"title":"ZIMMER - Sofia Kalyves","robots":{"index":"index","follow":"follow","max-snippet":"max-snippet:-1","max-image-preview":"max-image-preview:large","max-video-preview":"max-video-preview:-1"},"canonical":"https:\/\/sofia-kalyves.gr\/de\/zimmer\/","og_locale":"de_DE","og_type":"article","og_title":"ZIMMER - Sofia Kalyves","og_description":"[vc_row css=&#8220;.vc_custom_1593970086920{padding-top: 30px !important;}&#8220;][vc_column][vc_column_text css=&#8220;.vc_custom_1594990295044{margin-bottom: 0px !important;}&#8220;] R\u00e4ume Sofia verf\u00fcgt \u00fcber 7 geschmackvoll eingerichtete Zimmer f\u00fcr 2 bis 4 Personen. Alle Zimmer sind mit einer K\u00fcchenzeile mit Tee- und Kaffeezubeh\u00f6r, einem K\u00fchlschrank und Kochfeldern ausgestattet. Sie verf\u00fcgen \u00fcber ein eigenes Bad, eine individuelle Klimaanlage, einen TV und eine Terrasse oder einen Balkon mit freiem Blick [&hellip;]","og_url":"https:\/\/sofia-kalyves.gr\/de\/zimmer\/","og_site_name":"Sofia Kalyves","article_modified_time":"2020-07-17T14:33:01+00:00","og_image":[{"width":1440,"height":957,"url":"https:\/\/sofia-kalyves.gr\/wp-content\/uploads\/2020\/07\/sofia-kalyves-2.jpg","type":"image\/jpeg"}],"twitter_card":"summary_large_image","twitter_misc":{"Gesch\u00e4tzte Lesezeit":"1\u00a0Minute"},"schema":{"@context":"https:\/\/schema.org","@graph":[{"@type":"WebPage","@id":"https:\/\/sofia-kalyves.gr\/de\/zimmer\/","url":"https:\/\/sofia-kalyves.gr\/de\/zimmer\/","name":"ZIMMER - Sofia Kalyves","isPartOf":{"@id":"https:\/\/sofia-kalyves.gr\/de\/#website"},"datePublished":"2020-07-01T02:43:33+00:00","dateModified":"2020-07-17T14:33:01+00:00","breadcrumb":{"@id":"https:\/\/sofia-kalyves.gr\/de\/zimmer\/#breadcrumb"},"inLanguage":"de","potentialAction":[{"@type":"ReadAction","target":["https:\/\/sofia-kalyves.gr\/de\/zimmer\/"]}]},{"@type":"BreadcrumbList","@id":"https:\/\/sofia-kalyves.gr\/de\/zimmer\/#breadcrumb","itemListElement":[{"@type":"ListItem","position":1,"name":"\u0391\u03c1\u03c7\u03b9\u03ba\u03ae","item":"https:\/\/sofia-kalyves.gr\/de\/"},{"@type":"ListItem","position":2,"name":"ZIMMER"}]},{"@type":"WebSite","@id":"https:\/\/sofia-kalyves.gr\/de\/#website","url":"https:\/\/sofia-kalyves.gr\/de\/","name":"Sofia Kalyves","description":"Sofia accommodation in Kalyves - relaxing holidays in Kalives, Apokoronou, Chania, Crete","potentialAction":[{"@type":"SearchAction","target":{"@type":"EntryPoint","urlTemplate":"https:\/\/sofia-kalyves.gr\/de\/?s={search_term_string}"},"query-input":"required name=search_term_string"}],"inLanguage":"de"}]}},"_links":{"self":[{"href":"https:\/\/sofia-kalyves.gr\/de\/wp-json\/wp\/v2\/pages\/778"}],"collection":[{"href":"https:\/\/sofia-kalyves.gr\/de\/wp-json\/wp\/v2\/pages"}],"about":[{"href":"https:\/\/sofia-kalyves.gr\/de\/wp-json\/wp\/v2\/types\/page"}],"author":[{"embeddable":true,"href":"https:\/\/sofia-kalyves.gr\/de\/wp-json\/wp\/v2\/users\/1"}],"replies":[{"embeddable":true,"href":"https:\/\/sofia-kalyves.gr\/de\/wp-json\/wp\/v2\/comments?post=778"}],"version-history":[{"count":5,"href":"https:\/\/sofia-kalyves.gr\/de\/wp-json\/wp\/v2\/pages\/778\/revisions"}],"predecessor-version":[{"id":982,"href":"https:\/\/sofia-kalyves.gr\/de\/wp-json\/wp\/v2\/pages\/778\/revisions\/982"}],"wp:featuredmedia":[{"embeddable":true,"href":"https:\/\/sofia-kalyves.gr\/de\/wp-json\/wp\/v2\/media\/1017"}],"wp:attachment":[{"href":"https:\/\/sofia-kalyves.gr\/de\/wp-json\/wp\/v2\/media?parent=778"}],"curies":[{"name":"wp","href":"https:\/\/api.w.org\/{rel}","templated":true}]}}