{"id":784,"date":"2020-07-01T04:44:13","date_gmt":"2020-07-01T02:44:13","guid":{"rendered":"https:\/\/sofia-kalyves.gr\/%cf%84%ce%bf%cf%80%ce%bf%ce%b8%ce%b5%cf%83%ce%b9%ce%b1-%ce%b1%ce%be%ce%b9%ce%bf%ce%b8%ce%b5%ce%b1%cf%84%ce%b1\/"},"modified":"2020-07-22T14:58:51","modified_gmt":"2020-07-22T12:58:51","slug":"drehort","status":"publish","type":"page","link":"https:\/\/sofia-kalyves.gr\/de\/drehort\/","title":{"rendered":"DREHORT"},"content":{"rendered":"[mk_page_section bg_image=&#8220;https:\/\/sofia-kalyves.gr\/wp-content\/uploads\/2020\/07\/kalyves-1.jpg&#8220; bg_position=&#8220;center center&#8220; bg_stretch=&#8220;true&#8220; min_height=&#8220;549&#8243; visibility=&#8220;hidden-sm&#8220; sidebar=&#8220;sidebar-1&#8243;][vc_column][\/vc_column][\/mk_page_section][mk_page_section bg_image=&#8220;https:\/\/sofia-kalyves.gr\/wp-content\/uploads\/2020\/07\/kalyves-1.jpg&#8220; bg_position=&#8220;center center&#8220; bg_stretch=&#8220;true&#8220; min_height=&#8220;301&#8243; visibility=&#8220;visible-sm&#8220; sidebar=&#8220;sidebar-1&#8243;][vc_column][\/vc_column][\/mk_page_section][vc_row][vc_column css=&#8220;.vc_custom_1496934398482{margin-top: -60px !important;}&#8220;][vc_column_text align=&#8220;center&#8220; css=&#8220;.vc_custom_1595422429435{margin-bottom: 0px !important;}&#8220;]\n<div style=\"background-color: #fff; position: relative; padding: 20px; z-index: 99;\">\n<h1 style=\"text-align: center;\">\u00a0Kalyves<\/h1>\n<p style=\"text-align: justify;\">Kalyves ist ein K\u00fcstendorf mit etwa 1.500 Einwohnern an der Ostk\u00fcste des Golfs von Souda.Es ist 18 km von Chania und 27 km vom Flughafen Chania entfernt. Sie sind amphitheatralisch am Strand entlang und auf zwei H\u00fcgeln gebaut, zwischen denen der Fluss Xydas flie\u00dft. Kalyves liegt in einem fruchtbaren gr\u00fcnen Tal und dank des Flusses Xydas und des Flusses Kyliari, der westlich des Dorfes flie\u00dft, sind sie in hei\u00dfen Sommern\u00e4chten eine Oase der K\u00fchle.<\/p>\n<p style=\"text-align: center;\">\n<\/div>\n[\/vc_column_text][\/vc_column][\/vc_row][vc_row][vc_column][vc_empty_space height=&#8220;42px&#8220;][\/vc_column][\/vc_row][vc_row][vc_column width=&#8220;1\/2&#8243;][vc_single_image image=&#8220;422&#8243; img_size=&#8220;full&#8220; alignment=&#8220;center&#8220;][\/vc_column][vc_column width=&#8220;1\/2&#8243;][vc_empty_space][vc_column_text css=&#8220;.vc_custom_1595422595199{margin-bottom: 0px !important;}&#8220;]\n<p style=\"text-align: justify;\">Der mit der blauen Flagge ausgezeichnete Strand von Kalyves ist sandig mit flachem und kristallklarem Wasser.Es ist voll organisiert und verf\u00fcgt \u00fcber Duschen, Sonnenschirme, Sonnenliegen und einen Rettungsschwimmer.Entlang des Strandes gibt es verschiedene Caf\u00e9s und Tavernen, in denen Sie die Getr\u00e4nke und Snacks erhalten, die Sie am Strand ben\u00f6tigen, aber auch um Ihre Mahlzeit zu genie\u00dfen und nach dem Schwimmen zu entspannen.<\/p>\n[\/vc_column_text][\/vc_column][\/vc_row][vc_row][vc_column width=&#8220;1\/2&#8243;][vc_column_text css=&#8220;.vc_custom_1595422683283{margin-bottom: 0px !important;}&#8220;]\n<p style=\"text-align: justify;\">Kalyves ist f\u00fcr den Tourismus entwickelt und das ganze Jahr \u00fcber bewohnt. Daher kann es alle Ihre Bed\u00fcrfnisse erf\u00fcllen, da es viele Gesch\u00e4fte, Restaurants, Caf\u00e9s, Superm\u00e4rkte, Autovermietungen, aber auch Banken, Post\u00e4mter, Apotheken und Arztpraxen gibt.Mit Kalyves als Basis k\u00f6nnen Sie Ausfl\u00fcge in viele Teile Westkretas unternehmen, da die Umgebung reich an Attraktionen und sch\u00f6nen Str\u00e4nden ist.<br \/>\nMit Kalyves als Basis k\u00f6nnen Sie Ausfl\u00fcge in viele Teile Westkretas unternehmen, da die Umgebung reich an Attraktionen und sch\u00f6nen Str\u00e4nden ist.<\/p>\n[\/vc_column_text][\/vc_column][vc_column width=&#8220;1\/2&#8243;][vc_single_image image=&#8220;546&#8243; img_size=&#8220;full&#8220; alignment=&#8220;center&#8220;][\/vc_column][\/vc_row][vc_row][vc_column][mk_gallery images=&#8220;629,632,635,638,641,644,647,651&#8243; column=&#8220;2&#8243; height=&#8220;412&#8243; hover_scenarios=&#8220;slow_zoom&#8220; item_spacing=&#8220;15&#8243;][\/vc_column][\/vc_row]\n","protected":false},"excerpt":{"rendered":"<p>[mk_page_section bg_image=&#8220;https:\/\/sofia-kalyves.gr\/wp-content\/uploads\/2020\/07\/kalyves-1.jpg&#8220; bg_position=&#8220;center center&#8220; bg_stretch=&#8220;true&#8220; min_height=&#8220;549&#8243; visibility=&#8220;hidden-sm&#8220; sidebar=&#8220;sidebar-1&#8243;][vc_column][\/vc_column][\/mk_page_section][mk_page_section bg_image=&#8220;https:\/\/sofia-kalyves.gr\/wp-content\/uploads\/2020\/07\/kalyves-1.jpg&#8220; bg_position=&#8220;center center&#8220; bg_stretch=&#8220;true&#8220; min_height=&#8220;301&#8243; visibility=&#8220;visible-sm&#8220; sidebar=&#8220;sidebar-1&#8243;][vc_column][\/vc_column][\/mk_page_section][vc_row][vc_column css=&#8220;.vc_custom_1496934398482{margin-top: -60px !important;}&#8220;][vc_column_text align=&#8220;center&#8220; css=&#8220;.vc_custom_1595422429435{margin-bottom: 0px !important;}&#8220;] \u00a0Kalyves Kalyves ist ein K\u00fcstendorf mit etwa 1.500 Einwohnern an der Ostk\u00fcste des Golfs von Souda.Es ist 18 km von Chania und 27 km vom Flughafen Chania entfernt. Sie sind amphitheatralisch am Strand [&hellip;]<\/p>\n","protected":false},"author":1,"featured_media":557,"parent":0,"menu_order":0,"comment_status":"closed","ping_status":"closed","template":"","meta":[],"yoast_head":"<!-- This site is optimized with the Yoast SEO plugin v20.6 - https:\/\/yoast.com\/wordpress\/plugins\/seo\/ -->\n<title>DREHORT - Sofia Kalyves<\/title>\n<meta name=\"robots\" content=\"index, follow, max-snippet:-1, max-image-preview:large, max-video-preview:-1\" \/>\n<link rel=\"canonical\" href=\"https:\/\/sofia-kalyves.gr\/de\/drehort\/\" \/>\n<meta property=\"og:locale\" content=\"de_DE\" \/>\n<meta property=\"og:type\" content=\"article\" \/>\n<meta property=\"og:title\" content=\"DREHORT - Sofia Kalyves\" \/>\n<meta property=\"og:description\" content=\"[mk_page_section bg_image=&#8220;https:\/\/sofia-kalyves.gr\/wp-content\/uploads\/2020\/07\/kalyves-1.jpg&#8220; bg_position=&#8220;center center&#8220; bg_stretch=&#8220;true&#8220; min_height=&#8220;549&#8243; visibility=&#8220;hidden-sm&#8220; sidebar=&#8220;sidebar-1&#8243;][vc_column][\/vc_column][\/mk_page_section][mk_page_section bg_image=&#8220;https:\/\/sofia-kalyves.gr\/wp-content\/uploads\/2020\/07\/kalyves-1.jpg&#8220; bg_position=&#8220;center center&#8220; bg_stretch=&#8220;true&#8220; min_height=&#8220;301&#8243; visibility=&#8220;visible-sm&#8220; sidebar=&#8220;sidebar-1&#8243;][vc_column][\/vc_column][\/mk_page_section][vc_row][vc_column css=&#8220;.vc_custom_1496934398482{margin-top: -60px !important;}&#8220;][vc_column_text align=&#8220;center&#8220; css=&#8220;.vc_custom_1595422429435{margin-bottom: 0px !important;}&#8220;] \u00a0Kalyves Kalyves ist ein K\u00fcstendorf mit etwa 1.500 Einwohnern an der Ostk\u00fcste des Golfs von Souda.Es ist 18 km von Chania und 27 km vom Flughafen Chania entfernt. Sie sind amphitheatralisch am Strand [&hellip;]\" \/>\n<meta property=\"og:url\" content=\"https:\/\/sofia-kalyves.gr\/de\/drehort\/\" \/>\n<meta property=\"og:site_name\" content=\"Sofia Kalyves\" \/>\n<meta property=\"article:modified_time\" content=\"2020-07-22T12:58:51+00:00\" \/>\n<meta property=\"og:image\" content=\"https:\/\/sofia-kalyves.gr\/wp-content\/uploads\/2020\/07\/kalyves-1.jpg\" \/>\n\t<meta property=\"og:image:width\" content=\"1420\" \/>\n\t<meta property=\"og:image:height\" content=\"947\" \/>\n\t<meta property=\"og:image:type\" content=\"image\/jpeg\" \/>\n<meta name=\"twitter:card\" content=\"summary_large_image\" \/>\n<meta name=\"twitter:label1\" content=\"Gesch\u00e4tzte Lesezeit\" \/>\n\t<meta name=\"twitter:data1\" content=\"2\u00a0Minuten\" \/>\n<script type=\"application\/ld+json\" class=\"yoast-schema-graph\">{\"@context\":\"https:\/\/schema.org\",\"@graph\":[{\"@type\":\"WebPage\",\"@id\":\"https:\/\/sofia-kalyves.gr\/de\/drehort\/\",\"url\":\"https:\/\/sofia-kalyves.gr\/de\/drehort\/\",\"name\":\"DREHORT - Sofia Kalyves\",\"isPartOf\":{\"@id\":\"https:\/\/sofia-kalyves.gr\/de\/#website\"},\"datePublished\":\"2020-07-01T02:44:13+00:00\",\"dateModified\":\"2020-07-22T12:58:51+00:00\",\"breadcrumb\":{\"@id\":\"https:\/\/sofia-kalyves.gr\/de\/drehort\/#breadcrumb\"},\"inLanguage\":\"de\",\"potentialAction\":[{\"@type\":\"ReadAction\",\"target\":[\"https:\/\/sofia-kalyves.gr\/de\/drehort\/\"]}]},{\"@type\":\"BreadcrumbList\",\"@id\":\"https:\/\/sofia-kalyves.gr\/de\/drehort\/#breadcrumb\",\"itemListElement\":[{\"@type\":\"ListItem\",\"position\":1,\"name\":\"\u0391\u03c1\u03c7\u03b9\u03ba\u03ae\",\"item\":\"https:\/\/sofia-kalyves.gr\/de\/\"},{\"@type\":\"ListItem\",\"position\":2,\"name\":\"DREHORT\"}]},{\"@type\":\"WebSite\",\"@id\":\"https:\/\/sofia-kalyves.gr\/de\/#website\",\"url\":\"https:\/\/sofia-kalyves.gr\/de\/\",\"name\":\"Sofia Kalyves\",\"description\":\"Sofia accommodation in Kalyves - relaxing holidays in Kalives, Apokoronou, Chania, Crete\",\"potentialAction\":[{\"@type\":\"SearchAction\",\"target\":{\"@type\":\"EntryPoint\",\"urlTemplate\":\"https:\/\/sofia-kalyves.gr\/de\/?s={search_term_string}\"},\"query-input\":\"required name=search_term_string\"}],\"inLanguage\":\"de\"}]}<\/script>\n<!-- \/ Yoast SEO plugin. -->","yoast_head_json":{"title":"DREHORT - Sofia Kalyves","robots":{"index":"index","follow":"follow","max-snippet":"max-snippet:-1","max-image-preview":"max-image-preview:large","max-video-preview":"max-video-preview:-1"},"canonical":"https:\/\/sofia-kalyves.gr\/de\/drehort\/","og_locale":"de_DE","og_type":"article","og_title":"DREHORT - Sofia Kalyves","og_description":"[mk_page_section bg_image=&#8220;https:\/\/sofia-kalyves.gr\/wp-content\/uploads\/2020\/07\/kalyves-1.jpg&#8220; bg_position=&#8220;center center&#8220; bg_stretch=&#8220;true&#8220; min_height=&#8220;549&#8243; visibility=&#8220;hidden-sm&#8220; sidebar=&#8220;sidebar-1&#8243;][vc_column][\/vc_column][\/mk_page_section][mk_page_section bg_image=&#8220;https:\/\/sofia-kalyves.gr\/wp-content\/uploads\/2020\/07\/kalyves-1.jpg&#8220; bg_position=&#8220;center center&#8220; bg_stretch=&#8220;true&#8220; min_height=&#8220;301&#8243; visibility=&#8220;visible-sm&#8220; sidebar=&#8220;sidebar-1&#8243;][vc_column][\/vc_column][\/mk_page_section][vc_row][vc_column css=&#8220;.vc_custom_1496934398482{margin-top: -60px !important;}&#8220;][vc_column_text align=&#8220;center&#8220; css=&#8220;.vc_custom_1595422429435{margin-bottom: 0px !important;}&#8220;] \u00a0Kalyves Kalyves ist ein K\u00fcstendorf mit etwa 1.500 Einwohnern an der Ostk\u00fcste des Golfs von Souda.Es ist 18 km von Chania und 27 km vom Flughafen Chania entfernt. Sie sind amphitheatralisch am Strand [&hellip;]","og_url":"https:\/\/sofia-kalyves.gr\/de\/drehort\/","og_site_name":"Sofia Kalyves","article_modified_time":"2020-07-22T12:58:51+00:00","og_image":[{"width":1420,"height":947,"url":"https:\/\/sofia-kalyves.gr\/wp-content\/uploads\/2020\/07\/kalyves-1.jpg","type":"image\/jpeg"}],"twitter_card":"summary_large_image","twitter_misc":{"Gesch\u00e4tzte Lesezeit":"2\u00a0Minuten"},"schema":{"@context":"https:\/\/schema.org","@graph":[{"@type":"WebPage","@id":"https:\/\/sofia-kalyves.gr\/de\/drehort\/","url":"https:\/\/sofia-kalyves.gr\/de\/drehort\/","name":"DREHORT - Sofia Kalyves","isPartOf":{"@id":"https:\/\/sofia-kalyves.gr\/de\/#website"},"datePublished":"2020-07-01T02:44:13+00:00","dateModified":"2020-07-22T12:58:51+00:00","breadcrumb":{"@id":"https:\/\/sofia-kalyves.gr\/de\/drehort\/#breadcrumb"},"inLanguage":"de","potentialAction":[{"@type":"ReadAction","target":["https:\/\/sofia-kalyves.gr\/de\/drehort\/"]}]},{"@type":"BreadcrumbList","@id":"https:\/\/sofia-kalyves.gr\/de\/drehort\/#breadcrumb","itemListElement":[{"@type":"ListItem","position":1,"name":"\u0391\u03c1\u03c7\u03b9\u03ba\u03ae","item":"https:\/\/sofia-kalyves.gr\/de\/"},{"@type":"ListItem","position":2,"name":"DREHORT"}]},{"@type":"WebSite","@id":"https:\/\/sofia-kalyves.gr\/de\/#website","url":"https:\/\/sofia-kalyves.gr\/de\/","name":"Sofia Kalyves","description":"Sofia accommodation in Kalyves - relaxing holidays in Kalives, Apokoronou, Chania, Crete","potentialAction":[{"@type":"SearchAction","target":{"@type":"EntryPoint","urlTemplate":"https:\/\/sofia-kalyves.gr\/de\/?s={search_term_string}"},"query-input":"required name=search_term_string"}],"inLanguage":"de"}]}},"_links":{"self":[{"href":"https:\/\/sofia-kalyves.gr\/de\/wp-json\/wp\/v2\/pages\/784"}],"collection":[{"href":"https:\/\/sofia-kalyves.gr\/de\/wp-json\/wp\/v2\/pages"}],"about":[{"href":"https:\/\/sofia-kalyves.gr\/de\/wp-json\/wp\/v2\/types\/page"}],"author":[{"embeddable":true,"href":"https:\/\/sofia-kalyves.gr\/de\/wp-json\/wp\/v2\/users\/1"}],"replies":[{"embeddable":true,"href":"https:\/\/sofia-kalyves.gr\/de\/wp-json\/wp\/v2\/comments?post=784"}],"version-history":[{"count":5,"href":"https:\/\/sofia-kalyves.gr\/de\/wp-json\/wp\/v2\/pages\/784\/revisions"}],"predecessor-version":[{"id":989,"href":"https:\/\/sofia-kalyves.gr\/de\/wp-json\/wp\/v2\/pages\/784\/revisions\/989"}],"wp:featuredmedia":[{"embeddable":true,"href":"https:\/\/sofia-kalyves.gr\/de\/wp-json\/wp\/v2\/media\/557"}],"wp:attachment":[{"href":"https:\/\/sofia-kalyves.gr\/de\/wp-json\/wp\/v2\/media?parent=784"}],"curies":[{"name":"wp","href":"https:\/\/api.w.org\/{rel}","templated":true}]}}