{"id":990,"date":"2020-07-15T10:40:07","date_gmt":"2020-07-15T08:40:07","guid":{"rendered":"https:\/\/sofia-kalyves.gr\/%cf%85%cf%80%ce%b7%cf%81%ce%b5%cf%83%ce%b9%ce%b5%cf%83\/"},"modified":"2020-08-03T15:30:27","modified_gmt":"2020-08-03T13:30:27","slug":"dienstleistungen","status":"publish","type":"page","link":"https:\/\/sofia-kalyves.gr\/de\/dienstleistungen\/","title":{"rendered":"DIENSTLEISTUNGEN"},"content":{"rendered":"[vc_row][vc_column][vc_column_text][\/vc_column_text][\/vc_column][\/vc_row][vc_row fullwidth=&#8220;true&#8220; fullwidth_content=&#8220;false&#8220; css=&#8220;.vc_custom_1580784422436{background-color: #f6faff !important;}&#8220; id=&#8220;services&#8220;][vc_column][vc_empty_space height=&#8220;40px&#8220;][\/vc_column][\/vc_row][vc_row fullwidth=&#8220;true&#8220; fullwidth_content=&#8220;false&#8220; css=&#8220;.vc_custom_1580777920839{padding-top: 0px !important;padding-right: 20px !important;padding-bottom: 0px !important;padding-left: 20px !important;background-color: #f6faff !important;}&#8220;][vc_column width=&#8220;1\/3&#8243;][mk_icon_box icon=&#8220;mk-moon-leaf&#8220; title=&#8220;Au\u00dfenbereich&#8220; icon_color=&#8220;&#8220; icon_circle_color=&#8220;&#8220; margin=&#8220;0&#8243; animation=&#8220;bottom-to-top&#8220; el_class=&#8220;paroxes&#8220;]\n<ul>\n<li><span class=\" \" data-name-en=\"Outdoor furniture\">Gartenm\u00f6bel<\/span><\/li>\n<li><span class=\" \" data-name-en=\"Outdoor dining area\">Essbereich im Freien<\/span><\/li>\n<li><span class=\" \" data-name-en=\"Outdoor furniture\">Gartenm\u00f6bel<\/span><\/li>\n<li><span class=\" \" data-name-en=\"Terrace\">Terrasse<\/span><\/li>\n<li><span class=\" \" data-name-en=\"Sun Terrace\">Sonnenterrasse<\/span><\/li>\n<li><span class=\" \" data-name-en=\"Patio\">Patio \/ Veranda<\/span><\/li>\n<li><span class=\" \" data-name-en=\"Balcony\">Balkon<\/span><\/li>\n<\/ul>\n[\/mk_icon_box][mk_icon_box icon=&#8220;mk-li-ice&#8220; title=&#8220;Sonstiges&#8220; icon_color=&#8220;&#8220; icon_circle_color=&#8220;&#8220; margin=&#8220;0&#8243; animation=&#8220;bottom-to-top&#8220; el_class=&#8220;paroxes&#8220;]\n<ul>\n<li><span class=\" \" data-name-en=\"Airconditioning\">Klimaanlage<\/span><\/li>\n<li><span class=\" \" data-name-en=\"Heating\">Heizung<\/span><\/li>\n<li><span class=\" \" data-name-en=\"Family Rooms\">Familienzimmer<\/span><\/li>\n<li><span class=\" \" data-name-en=\"Non Smoking Rooms\">Nichtraucherzimmer<\/span><\/li>\n<\/ul>\n[\/mk_icon_box][mk_icon_box icon=&#8220;mk-li-drop&#8220; title=&#8220;Badezimmer&#8220; icon_color=&#8220;&#8220; icon_circle_color=&#8220;&#8220; margin=&#8220;0&#8243; animation=&#8220;bottom-to-top&#8220; el_class=&#8220;paroxes&#8220;]\n<ul>\n<li><span class=\" \" data-name-en=\"Toilet paper\">Toilettenpapier<\/span><\/li>\n<li><span class=\" \" data-name-en=\"Towels\">Handt\u00fccher<\/span><\/li>\n<li><span class=\" \" data-name-en=\"Bath or Shower\">Badewanne oder Dusche<\/span><\/li>\n<li><span class=\" \" data-name-en=\"Private bathroom\">Eigenes Badezimmer<\/span><\/li>\n<li><span class=\" \" data-name-en=\"Toilet\">WC<\/span><\/li>\n<li><span class=\" \" data-name-en=\"Hair Dryer\">Haartrockner<\/span><\/li>\n<li><span class=\" \" data-name-en=\"Bath\">Badewanne<\/span><\/li>\n<li><span class=\" \" data-name-en=\"Shower\">Dusche<\/span><\/li>\n<\/ul>\n[\/mk_icon_box][mk_icon_box icon=&#8220;mk-moon-bed-2&#8243; title=&#8220;Schlafzimmer&#8220; icon_color=&#8220;&#8220; icon_circle_color=&#8220;&#8220; margin=&#8220;0&#8243; animation=&#8220;bottom-to-top&#8220; el_class=&#8220;paroxes&#8220;]\n<ul>\n<li><span class=\" \" data-name-en=\"Linen\">Bettw\u00e4sche<\/span><\/li>\n<li><span class=\" \" data-name-en=\"Wardrobe\/Closet\">Schrank<\/span><\/li>\n<li>\n<div class=\"facilitiesChecklistSection\" data-section-id=\"17\"><\/div>\n<\/li>\n<\/ul>\n[\/mk_icon_box][mk_icon_box icon=&#8220;mk-icon-car&#8220; title=&#8220;Parkm\u00f6glichkeiten&#8220; icon_color=&#8220;&#8220; icon_circle_color=&#8220;&#8220; margin=&#8220;0&#8243; animation=&#8220;bottom-to-top&#8220; el_class=&#8220;paroxes&#8220;]\n<ul>\n<li>Private Parkpl\u00e4tze stehen kostenfrei an der Unterkunft (Reservierung ist nicht erforderlich) zur Verf\u00fcgung.<\/li>\n<li><span class=\" \" data-name-en=\"street parking\">Parkpl\u00e4tze an der Stra\u00dfe<\/span><\/li>\n<\/ul>\n[\/mk_icon_box][mk_icon_box icon=&#8220;mk-icon-pagelines&#8220; title=&#8220;Outdoor &amp; Ausblick&#8220; icon_color=&#8220;&#8220; icon_circle_color=&#8220;&#8220; margin=&#8220;0&#8243; animation=&#8220;bottom-to-top&#8220; el_class=&#8220;paroxes&#8220;]\n<ul>\n<li><span class=\" \" data-name-en=\"City View\">Stadtblick<\/span><\/li>\n<li><span class=\" \" data-name-en=\"Mountain View\">Bergblick<\/span><\/li>\n<li><span class=\" \" data-name-en=\"Sea View\">Meerblick<\/span><\/li>\n<\/ul>\n[\/mk_icon_box][mk_icon_box icon=&#8220;mk-icon-building&#8220; title=&#8220;Check-in &amp; Check-out&#8220; icon_color=&#8220;&#8220; icon_circle_color=&#8220;&#8220; margin=&#8220;0&#8243; animation=&#8220;bottom-to-top&#8220; el_class=&#8220;paroxes&#8220;]\n<ul>\n<li><span class=\"bold\">Check-in:<\/span> 13:00 &#8211; 23:00<\/li>\n<li><span class=\"bold\">Check-out:<\/span> 07:00 &#8211; 11:00<\/li>\n<\/ul>\n[\/mk_icon_box][\/vc_column][vc_column width=&#8220;1\/3&#8243;][mk_icon_box icon=&#8220;mk-icon-wifi&#8220; title=&#8220;Internet&#8220; icon_color=&#8220;&#8220; icon_circle_color=&#8220;&#8220; margin=&#8220;0&#8243; animation=&#8220;bottom-to-top&#8220; el_class=&#8220;paroxes&#8220;]\n<ul>\n<li><b>Kostenlos! <\/b>WLAN ist in allen Bereichen nutzbar und ist kostenfrei.<\/li>\n<\/ul>\n[\/mk_icon_box][mk_icon_box icon=&#8220;mk-icon-cutlery&#8220; title=&#8220;K\u00fcche&#8220; icon_color=&#8220;&#8220; icon_circle_color=&#8220;&#8220; margin=&#8220;0&#8243; animation=&#8220;bottom-to-top&#8220; el_class=&#8220;paroxes&#8220;]\n<ul>\n<li><span class=\" \" data-name-en=\"Children highchair\">Hochstuhl<\/span><\/li>\n<li><span class=\" \" data-name-en=\"Dining table\">Esstisch<\/span><\/li>\n<li><span class=\" \" data-name-en=\"Coffee Machine\">Kaffeemaschine<\/span><\/li>\n<li><span class=\" \" data-name-en=\"Toaster\">Toaster<\/span><\/li>\n<li><span class=\" \" data-name-en=\"Stove\">Herdplatte<\/span><\/li>\n<li><span class=\" \" data-name-en=\"Kitchenware\">K\u00fcchenutensilien<\/span><\/li>\n<li><span class=\" \" data-name-en=\"Electric Kettle\">Wasserkocher<\/span><\/li>\n<li><span class=\" \" data-name-en=\"Refrigerator\">K\u00fchlschrank<\/span><\/li>\n<li><span class=\" \" data-name-en=\"Kitchenette\">K\u00fcchenzeile<\/span><\/li>\n<\/ul>\n[\/mk_icon_box][mk_icon_box icon=&#8220;mk-moon-bed&#8220; title=&#8220;Zimmerausstattung&#8220; icon_color=&#8220;&#8220; icon_circle_color=&#8220;&#8220; margin=&#8220;0&#8243; animation=&#8220;bottom-to-top&#8220; el_class=&#8220;paroxes&#8220;]\n<ul>\n<li><span class=\" \" data-name-en=\"socket near the bed\">Steckdose in Bettn\u00e4he<\/span><\/li>\n<li><span class=\" \" data-name-en=\"Clothes Rack\">Kleiderst\u00e4nder<\/span><\/li>\n<li><span class=\" \" data-name-en=\"Tiled \/ Marble floor\">Fliesen-\/Marmorboden<\/span><\/li>\n<li><span class=\" \" data-name-en=\"Private Entrance\">Privater Eingang<\/span><\/li>\n<li><span class=\" \" data-name-en=\"Heating\">Heizung<\/span><\/li>\n<li><span class=\" \" data-name-en=\"Airconditioning\">Klimaanlage<\/span><\/li>\n<\/ul>\n[\/mk_icon_box][mk_icon_box icon=&#8220;mk-moon-food-2&#8243; title=&#8220;Speisen &amp; Getr\u00e4nke&#8220; icon_color=&#8220;&#8220; icon_circle_color=&#8220;&#8220; margin=&#8220;0&#8243; animation=&#8220;bottom-to-top&#8220; el_class=&#8220;paroxes&#8220;]\n<ul>\n<li><span class=\" \" data-name-en=\"Coffee\/Tea maker\">Kaffee- und Teezubeh\u00f6r<\/span><\/li>\n<\/ul>\n[\/mk_icon_box][mk_icon_box icon=&#8220;mk-moon-people&#8220; title=&#8220;Rezeptionsservice&#8220; icon_color=&#8220;&#8220; icon_circle_color=&#8220;&#8220; margin=&#8220;0&#8243; animation=&#8220;bottom-to-top&#8220; el_class=&#8220;paroxes&#8220;]\n<ul>\n<li><span class=\" \" data-name-en=\"Invoices Provided\">Rechnungen<\/span><\/li>\n<\/ul>\n[\/mk_icon_box][mk_icon_box icon=&#8220;mk-li-user&#8220; title=&#8220;Reinigungsservices&#8220; icon_color=&#8220;&#8220; icon_circle_color=&#8220;&#8220; margin=&#8220;0&#8243; animation=&#8220;bottom-to-top&#8220; el_class=&#8220;paroxes&#8220;]\n<div class=\"facilitiesChecklistSection\" data-section-id=\"26\">\n<ul>\n<li><span class=\" \" data-name-en=\"Daily maid service\">T\u00e4gliche Reinigung<\/span><\/li>\n<\/ul>\n<\/div>\n[\/mk_icon_box][mk_icon_box icon=&#8220;mk-icon-fire-extinguisher&#8220; title=&#8220;Sicherheit&#8220; icon_color=&#8220;&#8220; icon_circle_color=&#8220;&#8220; margin=&#8220;0&#8243; animation=&#8220;bottom-to-top&#8220; el_class=&#8220;paroxes&#8220;]\n<div class=\"facilitiesChecklistSection\" data-section-id=\"26\">\n<ul>\n<li><span class=\" \" data-name-en=\"Fire extinguishers\">Feuerl\u00f6scher<\/span><\/li>\n<\/ul>\n<\/div>\n[\/mk_icon_box][mk_icon_box icon=&#8220;mk-moon-accessibility-2&#8243; title=&#8220;Zugang&#8220; icon_color=&#8220;&#8220; icon_circle_color=&#8220;&#8220; margin=&#8220;0&#8243; animation=&#8220;bottom-to-top&#8220; el_class=&#8220;paroxes&#8220;]\n<div class=\"facilitiesChecklistSection\" data-section-id=\"26\">\n<ul>\n<li><span class=\" \" data-name-en=\"Upper floor reachable by stairs only\">Obere Stockwerke nur \u00fcber eine Treppe erreichbar<\/span><\/li>\n<li><span class=\" \" data-name-en=\"Entire property on ground floor\">Gesamte Wohneinheit im Erdgeschoss<\/span><\/li>\n<\/ul>\n<\/div>\n[\/mk_icon_box][mk_icon_box icon=&#8220;mk-icon-paw&#8220; title=&#8220;Haustiere&#8220; icon_color=&#8220;&#8220; icon_circle_color=&#8220;&#8220; margin=&#8220;0&#8243; animation=&#8220;bottom-to-top&#8220; el_class=&#8220;paroxes&#8220;]\n<ul>\n<li>Haustiere sind nicht gestattet.<\/li>\n<\/ul>\n[\/mk_icon_box][\/vc_column][vc_column width=&#8220;1\/3&#8243;][mk_icon_box icon=&#8220;mk-icon-desktop&#8220; title=&#8220;Medien &amp; Technik&#8220; icon_color=&#8220;&#8220; icon_circle_color=&#8220;&#8220; margin=&#8220;0&#8243; animation=&#8220;bottom-to-top&#8220; el_class=&#8220;paroxes&#8220;]\n<ul>\n<li><span class=\" \" data-name-en=\"Flat-screen TV\">Flachbild-TV<\/span><\/li>\n<li><span class=\" \" data-name-en=\"TV\">TV<\/span><\/li>\n<\/ul>\n[\/mk_icon_box][mk_icon_box icon=&#8220;mk-moon-key-keyboard&#8220; title=&#8220;Sicherheitseinrichtungen&#8220; icon_color=&#8220;&#8220; icon_circle_color=&#8220;&#8220; margin=&#8220;0&#8243; animation=&#8220;bottom-to-top&#8220; el_class=&#8220;paroxes&#8220;]\n<ul>\n<li><span class=\" \" data-name-en=\"first_aid_kit_available\">Erste-Hilfe-Kasten verf\u00fcgbar<\/span><\/li>\n<li><span class=\" \" data-name-en=\"hand_sanitizers_available\">Handdesinfektionsmittel in Unterkunft und Gemeinschaftsbereichen<\/span><\/li>\n<li><span class=\" \" data-name-en=\"stationery_removed\">Keine gemeinschaftlich genutzten Schreibwaren wie gedruckte Speisekarten, Magazine, Stifte und Papier<\/span><\/li>\n<li><span class=\" \" data-name-en=\"staff_follows_safety_measures\">Personal befolgt alle Sicherheitsrichtlinien der \u00f6rtlichen Beh\u00f6rden<\/span><\/li>\n<\/ul>\n[\/mk_icon_box][mk_icon_box icon=&#8220;mk-moon-user-8&#8243; title=&#8220;Sauberkeit und Desinfektion&#8220; icon_color=&#8220;&#8220; icon_circle_color=&#8220;&#8220; margin=&#8220;0&#8243; animation=&#8220;bottom-to-top&#8220; el_class=&#8220;paroxes&#8220;]\n<ul>\n<li><span class=\" \" data-name-en=\"optional_cleaning\">G\u00e4ste k\u00f6nnen angeben, dass keine Reinigung der Unterkunft w\u00e4hrend des Aufenthaltes gew\u00fcnscht ist<\/span><\/li>\n<li><span class=\" \" data-name-en=\"rooms_disinfected\">Unterkunft wird zwischen den Aufenthalten desinfiziert<\/span><\/li>\n<li><span class=\" \" data-name-en=\"linens_legal_wash\">Bettw\u00e4sche, Handt\u00fccher und W\u00e4sche werden nach Richtlinien der \u00f6rtlichen Beh\u00f6rden gewaschen<\/span><\/li>\n<li><span class=\" \" data-name-en=\"cleaning_chemicals\">Verwendung von gegen das Coronavirus wirksamen Reinigungsmitteln<\/span><\/li>\n<\/ul>\n[\/mk_icon_box][mk_icon_box icon=&#8220;mk-moon-user-8&#8243; title=&#8220;Abstand&#8220; icon_color=&#8220;&#8220; icon_circle_color=&#8220;&#8220; margin=&#8220;0&#8243; animation=&#8220;bottom-to-top&#8220; el_class=&#8220;paroxes&#8220;]\n<ul>\n<li><span class=\" \" data-name-en=\"social_distancing\">Abstandsregeln werden eingehalten<\/span><\/li>\n<li><span class=\" \" data-name-en=\"cashless_payments\">Bargeldlose Zahlung m\u00f6glich<\/span><\/li>\n<li><span class=\" \" data-name-en=\"contactless_checkin\">Kontaktloser Check-in\/Check-out<\/span><\/li>\n<\/ul>\n[\/mk_icon_box][mk_icon_box icon=&#8220;mk-moon-user-8&#8243; title=&#8220;Sicherheit bei Speisen und Getr\u00e4nken&#8220; icon_color=&#8220;&#8220; icon_circle_color=&#8220;&#8220; margin=&#8220;0&#8243; animation=&#8220;bottom-to-top&#8220; el_class=&#8220;paroxes&#8220;]\n<ul>\n<li><span class=\" \" data-name-en=\"sanitized_dinnerware\">Alle Teller, Bestecke, Gl\u00e4ser und anderes Geschirr wurden desinfiziert<\/span><\/li>\n<\/ul>\n[\/mk_icon_box][mk_icon_box icon=&#8220;mk-moon-bubble&#8220; title=&#8220;Gesprochene Sprachen&#8220; icon_color=&#8220;&#8220; icon_circle_color=&#8220;&#8220; margin=&#8220;0&#8243; animation=&#8220;bottom-to-top&#8220; el_class=&#8220;paroxes&#8220;]\n<div class=\"facilitiesChecklistSection\" data-section-id=\"26\">\n<ul>\n<li>Griechisch<\/li>\n<li>Englisch<\/li>\n<\/ul>\n<\/div>\n[\/mk_icon_box][\/vc_column][\/vc_row][vc_row fullwidth=&#8220;true&#8220; css=&#8220;.vc_custom_1556663130779{background-color: #f6faff !important;}&#8220;][vc_column][vc_empty_space height=&#8220;40px&#8220;][\/vc_column][\/vc_row]\n","protected":false},"excerpt":{"rendered":"<p>[vc_row][vc_column][vc_column_text][\/vc_column_text][\/vc_column][\/vc_row][vc_row fullwidth=&#8220;true&#8220; fullwidth_content=&#8220;false&#8220; css=&#8220;.vc_custom_1580784422436{background-color: #f6faff !important;}&#8220; id=&#8220;services&#8220;][vc_column][vc_empty_space height=&#8220;40px&#8220;][\/vc_column][\/vc_row][vc_row fullwidth=&#8220;true&#8220; fullwidth_content=&#8220;false&#8220; css=&#8220;.vc_custom_1580777920839{padding-top: 0px !important;padding-right: 20px !important;padding-bottom: 0px !important;padding-left: 20px !important;background-color: #f6faff !important;}&#8220;][vc_column width=&#8220;1\/3&#8243;][mk_icon_box icon=&#8220;mk-moon-leaf&#8220; title=&#8220;Au\u00dfenbereich&#8220; icon_color=&#8220;&#8220; icon_circle_color=&#8220;&#8220; margin=&#8220;0&#8243; animation=&#8220;bottom-to-top&#8220; el_class=&#8220;paroxes&#8220;] Gartenm\u00f6bel Essbereich im Freien Gartenm\u00f6bel Terrasse Sonnenterrasse Patio \/ Veranda Balkon [\/mk_icon_box][mk_icon_box icon=&#8220;mk-li-ice&#8220; title=&#8220;Sonstiges&#8220; icon_color=&#8220;&#8220; icon_circle_color=&#8220;&#8220; margin=&#8220;0&#8243; animation=&#8220;bottom-to-top&#8220; el_class=&#8220;paroxes&#8220;] Klimaanlage Heizung Familienzimmer Nichtraucherzimmer [\/mk_icon_box][mk_icon_box icon=&#8220;mk-li-drop&#8220; title=&#8220;Badezimmer&#8220; [&hellip;]<\/p>\n","protected":false},"author":1,"featured_media":1014,"parent":0,"menu_order":0,"comment_status":"closed","ping_status":"closed","template":"","meta":[],"yoast_head":"<!-- This site is optimized with the Yoast SEO plugin v20.6 - https:\/\/yoast.com\/wordpress\/plugins\/seo\/ -->\n<title>DIENSTLEISTUNGEN - Sofia Kalyves<\/title>\n<meta name=\"robots\" content=\"index, follow, max-snippet:-1, max-image-preview:large, max-video-preview:-1\" \/>\n<link rel=\"canonical\" href=\"https:\/\/sofia-kalyves.gr\/de\/dienstleistungen\/\" \/>\n<meta property=\"og:locale\" content=\"de_DE\" \/>\n<meta property=\"og:type\" content=\"article\" \/>\n<meta property=\"og:title\" content=\"DIENSTLEISTUNGEN - Sofia Kalyves\" \/>\n<meta property=\"og:description\" content=\"[vc_row][vc_column][vc_column_text][\/vc_column_text][\/vc_column][\/vc_row][vc_row fullwidth=&#8220;true&#8220; fullwidth_content=&#8220;false&#8220; css=&#8220;.vc_custom_1580784422436{background-color: #f6faff !important;}&#8220; id=&#8220;services&#8220;][vc_column][vc_empty_space height=&#8220;40px&#8220;][\/vc_column][\/vc_row][vc_row fullwidth=&#8220;true&#8220; fullwidth_content=&#8220;false&#8220; css=&#8220;.vc_custom_1580777920839{padding-top: 0px !important;padding-right: 20px !important;padding-bottom: 0px !important;padding-left: 20px !important;background-color: #f6faff !important;}&#8220;][vc_column width=&#8220;1\/3&#8243;][mk_icon_box icon=&#8220;mk-moon-leaf&#8220; title=&#8220;Au\u00dfenbereich&#8220; icon_color=&#8220;&#8220; icon_circle_color=&#8220;&#8220; margin=&#8220;0&#8243; animation=&#8220;bottom-to-top&#8220; el_class=&#8220;paroxes&#8220;] Gartenm\u00f6bel Essbereich im Freien Gartenm\u00f6bel Terrasse Sonnenterrasse Patio \/ Veranda Balkon [\/mk_icon_box][mk_icon_box icon=&#8220;mk-li-ice&#8220; title=&#8220;Sonstiges&#8220; icon_color=&#8220;&#8220; icon_circle_color=&#8220;&#8220; margin=&#8220;0&#8243; animation=&#8220;bottom-to-top&#8220; el_class=&#8220;paroxes&#8220;] Klimaanlage Heizung Familienzimmer Nichtraucherzimmer [\/mk_icon_box][mk_icon_box icon=&#8220;mk-li-drop&#8220; title=&#8220;Badezimmer&#8220; [&hellip;]\" \/>\n<meta property=\"og:url\" content=\"https:\/\/sofia-kalyves.gr\/de\/dienstleistungen\/\" \/>\n<meta property=\"og:site_name\" content=\"Sofia Kalyves\" \/>\n<meta property=\"article:modified_time\" content=\"2020-08-03T13:30:27+00:00\" \/>\n<meta property=\"og:image\" content=\"https:\/\/sofia-kalyves.gr\/wp-content\/uploads\/2020\/07\/sofia-kalyves-3.jpg\" \/>\n\t<meta property=\"og:image:width\" content=\"1440\" \/>\n\t<meta property=\"og:image:height\" content=\"957\" \/>\n\t<meta property=\"og:image:type\" content=\"image\/jpeg\" \/>\n<meta name=\"twitter:card\" content=\"summary_large_image\" \/>\n<meta name=\"twitter:label1\" content=\"Gesch\u00e4tzte Lesezeit\" \/>\n\t<meta name=\"twitter:data1\" content=\"4\u00a0Minuten\" \/>\n<script type=\"application\/ld+json\" class=\"yoast-schema-graph\">{\"@context\":\"https:\/\/schema.org\",\"@graph\":[{\"@type\":\"WebPage\",\"@id\":\"https:\/\/sofia-kalyves.gr\/de\/dienstleistungen\/\",\"url\":\"https:\/\/sofia-kalyves.gr\/de\/dienstleistungen\/\",\"name\":\"DIENSTLEISTUNGEN - Sofia Kalyves\",\"isPartOf\":{\"@id\":\"https:\/\/sofia-kalyves.gr\/de\/#website\"},\"datePublished\":\"2020-07-15T08:40:07+00:00\",\"dateModified\":\"2020-08-03T13:30:27+00:00\",\"breadcrumb\":{\"@id\":\"https:\/\/sofia-kalyves.gr\/de\/dienstleistungen\/#breadcrumb\"},\"inLanguage\":\"de\",\"potentialAction\":[{\"@type\":\"ReadAction\",\"target\":[\"https:\/\/sofia-kalyves.gr\/de\/dienstleistungen\/\"]}]},{\"@type\":\"BreadcrumbList\",\"@id\":\"https:\/\/sofia-kalyves.gr\/de\/dienstleistungen\/#breadcrumb\",\"itemListElement\":[{\"@type\":\"ListItem\",\"position\":1,\"name\":\"\u0391\u03c1\u03c7\u03b9\u03ba\u03ae\",\"item\":\"https:\/\/sofia-kalyves.gr\/de\/\"},{\"@type\":\"ListItem\",\"position\":2,\"name\":\"DIENSTLEISTUNGEN\"}]},{\"@type\":\"WebSite\",\"@id\":\"https:\/\/sofia-kalyves.gr\/de\/#website\",\"url\":\"https:\/\/sofia-kalyves.gr\/de\/\",\"name\":\"Sofia Kalyves\",\"description\":\"Sofia accommodation in Kalyves - relaxing holidays in Kalives, Apokoronou, Chania, Crete\",\"potentialAction\":[{\"@type\":\"SearchAction\",\"target\":{\"@type\":\"EntryPoint\",\"urlTemplate\":\"https:\/\/sofia-kalyves.gr\/de\/?s={search_term_string}\"},\"query-input\":\"required name=search_term_string\"}],\"inLanguage\":\"de\"}]}<\/script>\n<!-- \/ Yoast SEO plugin. -->","yoast_head_json":{"title":"DIENSTLEISTUNGEN - Sofia Kalyves","robots":{"index":"index","follow":"follow","max-snippet":"max-snippet:-1","max-image-preview":"max-image-preview:large","max-video-preview":"max-video-preview:-1"},"canonical":"https:\/\/sofia-kalyves.gr\/de\/dienstleistungen\/","og_locale":"de_DE","og_type":"article","og_title":"DIENSTLEISTUNGEN - Sofia Kalyves","og_description":"[vc_row][vc_column][vc_column_text][\/vc_column_text][\/vc_column][\/vc_row][vc_row fullwidth=&#8220;true&#8220; fullwidth_content=&#8220;false&#8220; css=&#8220;.vc_custom_1580784422436{background-color: #f6faff !important;}&#8220; id=&#8220;services&#8220;][vc_column][vc_empty_space height=&#8220;40px&#8220;][\/vc_column][\/vc_row][vc_row fullwidth=&#8220;true&#8220; fullwidth_content=&#8220;false&#8220; css=&#8220;.vc_custom_1580777920839{padding-top: 0px !important;padding-right: 20px !important;padding-bottom: 0px !important;padding-left: 20px !important;background-color: #f6faff !important;}&#8220;][vc_column width=&#8220;1\/3&#8243;][mk_icon_box icon=&#8220;mk-moon-leaf&#8220; title=&#8220;Au\u00dfenbereich&#8220; icon_color=&#8220;&#8220; icon_circle_color=&#8220;&#8220; margin=&#8220;0&#8243; animation=&#8220;bottom-to-top&#8220; el_class=&#8220;paroxes&#8220;] Gartenm\u00f6bel Essbereich im Freien Gartenm\u00f6bel Terrasse Sonnenterrasse Patio \/ Veranda Balkon [\/mk_icon_box][mk_icon_box icon=&#8220;mk-li-ice&#8220; title=&#8220;Sonstiges&#8220; icon_color=&#8220;&#8220; icon_circle_color=&#8220;&#8220; margin=&#8220;0&#8243; animation=&#8220;bottom-to-top&#8220; el_class=&#8220;paroxes&#8220;] Klimaanlage Heizung Familienzimmer Nichtraucherzimmer [\/mk_icon_box][mk_icon_box icon=&#8220;mk-li-drop&#8220; title=&#8220;Badezimmer&#8220; [&hellip;]","og_url":"https:\/\/sofia-kalyves.gr\/de\/dienstleistungen\/","og_site_name":"Sofia Kalyves","article_modified_time":"2020-08-03T13:30:27+00:00","og_image":[{"width":1440,"height":957,"url":"https:\/\/sofia-kalyves.gr\/wp-content\/uploads\/2020\/07\/sofia-kalyves-3.jpg","type":"image\/jpeg"}],"twitter_card":"summary_large_image","twitter_misc":{"Gesch\u00e4tzte Lesezeit":"4\u00a0Minuten"},"schema":{"@context":"https:\/\/schema.org","@graph":[{"@type":"WebPage","@id":"https:\/\/sofia-kalyves.gr\/de\/dienstleistungen\/","url":"https:\/\/sofia-kalyves.gr\/de\/dienstleistungen\/","name":"DIENSTLEISTUNGEN - Sofia Kalyves","isPartOf":{"@id":"https:\/\/sofia-kalyves.gr\/de\/#website"},"datePublished":"2020-07-15T08:40:07+00:00","dateModified":"2020-08-03T13:30:27+00:00","breadcrumb":{"@id":"https:\/\/sofia-kalyves.gr\/de\/dienstleistungen\/#breadcrumb"},"inLanguage":"de","potentialAction":[{"@type":"ReadAction","target":["https:\/\/sofia-kalyves.gr\/de\/dienstleistungen\/"]}]},{"@type":"BreadcrumbList","@id":"https:\/\/sofia-kalyves.gr\/de\/dienstleistungen\/#breadcrumb","itemListElement":[{"@type":"ListItem","position":1,"name":"\u0391\u03c1\u03c7\u03b9\u03ba\u03ae","item":"https:\/\/sofia-kalyves.gr\/de\/"},{"@type":"ListItem","position":2,"name":"DIENSTLEISTUNGEN"}]},{"@type":"WebSite","@id":"https:\/\/sofia-kalyves.gr\/de\/#website","url":"https:\/\/sofia-kalyves.gr\/de\/","name":"Sofia Kalyves","description":"Sofia accommodation in Kalyves - relaxing holidays in Kalives, Apokoronou, Chania, Crete","potentialAction":[{"@type":"SearchAction","target":{"@type":"EntryPoint","urlTemplate":"https:\/\/sofia-kalyves.gr\/de\/?s={search_term_string}"},"query-input":"required name=search_term_string"}],"inLanguage":"de"}]}},"_links":{"self":[{"href":"https:\/\/sofia-kalyves.gr\/de\/wp-json\/wp\/v2\/pages\/990"}],"collection":[{"href":"https:\/\/sofia-kalyves.gr\/de\/wp-json\/wp\/v2\/pages"}],"about":[{"href":"https:\/\/sofia-kalyves.gr\/de\/wp-json\/wp\/v2\/types\/page"}],"author":[{"embeddable":true,"href":"https:\/\/sofia-kalyves.gr\/de\/wp-json\/wp\/v2\/users\/1"}],"replies":[{"embeddable":true,"href":"https:\/\/sofia-kalyves.gr\/de\/wp-json\/wp\/v2\/comments?post=990"}],"version-history":[{"count":8,"href":"https:\/\/sofia-kalyves.gr\/de\/wp-json\/wp\/v2\/pages\/990\/revisions"}],"predecessor-version":[{"id":1090,"href":"https:\/\/sofia-kalyves.gr\/de\/wp-json\/wp\/v2\/pages\/990\/revisions\/1090"}],"wp:featuredmedia":[{"embeddable":true,"href":"https:\/\/sofia-kalyves.gr\/de\/wp-json\/wp\/v2\/media\/1014"}],"wp:attachment":[{"href":"https:\/\/sofia-kalyves.gr\/de\/wp-json\/wp\/v2\/media?parent=990"}],"curies":[{"name":"wp","href":"https:\/\/api.w.org\/{rel}","templated":true}]}}